{"id":907,"date":"2017-01-17T10:30:24","date_gmt":"2017-01-17T09:30:24","guid":{"rendered":"http:\/\/salutmental.info\/?page_id=907\/"},"modified":"2024-03-13T14:48:37","modified_gmt":"2024-03-13T13:48:37","slug":"veritats-o-mites","status":"publish","type":"page","link":"https:\/\/salutmental.info\/es\/veritats-o-mites\/","title":{"rendered":"\u00bfVerdades o mitos?"},"content":{"rendered":"<p>[et_pb_section fb_built=\u00bb1&#8243; fullwidth=\u00bbon\u00bb custom_padding_last_edited=\u00bbon|desktop\u00bb admin_label=\u00bbSecci\u00f3 men\u00fa CASTELL\u00c0\u00bb _builder_version=\u00bb4.24.2&#8243; background_color=\u00bb#d7282e\u00bb custom_padding_tablet=\u00bb50px|0|50px|0&#8243; custom_padding_phone=\u00bb\u00bb transparent_background=\u00bboff\u00bb padding_mobile=\u00bboff\u00bb global_colors_info=\u00bb{}\u00bb theme_builder_area=\u00bbpost_content\u00bb][et_pb_fullwidth_menu menu_id=\u00bb11&#8243; submenu_direction=\u00bbdownwards\u00bb fullwidth_menu=\u00bboff\u00bb logo=\u00bbhttps:\/\/salutmental.info\/wp-content\/uploads\/2024\/02\/logo_aj_negatiu-200.png\u00bb admin_label=\u00bbMen\u00fa CASTELL\u00c0\u00bb _builder_version=\u00bb4.24.2&#8243; background_color=\u00bb#d7282e\u00bb text_orientation=\u00bbright\u00bb background_layout=\u00bbdark\u00bb global_colors_info=\u00bb{}\u00bb theme_builder_area=\u00bbpost_content\u00bb]&nbsp;<br \/>\n[\/et_pb_fullwidth_menu][\/et_pb_section][et_pb_section fb_built=\u00bb1&#8243; admin_label=\u00bbsection\u00bb _builder_version=\u00bb4.16&#8243; global_colors_info=\u00bb{}\u00bb collapsed=\u00bboff\u00bb][et_pb_row admin_label=\u00bbrow\u00bb _builder_version=\u00bb4.16&#8243; background_size=\u00bbinitial\u00bb background_position=\u00bbtop_left\u00bb background_repeat=\u00bbrepeat\u00bb global_colors_info=\u00bb{}\u00bb column_structure=\u00bb1_2,1_2&#8243;][et_pb_column type=\u00bb1_2&#8243; _builder_version=\u00bb4.16&#8243; custom_padding=\u00bb|||\u00bb global_colors_info=\u00bb{}\u00bb custom_padding__hover=\u00bb|||\u00bb][et_pb_button button_text=\u00bbTRANSTORNOS MENTALES\u00bb button_alignment=\u00bbcenter\u00bb admin_label=\u00bbBot\u00f3 Salut mental\u00bb _builder_version=\u00bb4.16&#8243; custom_button=\u00bbon\u00bb button_bg_color=\u00bb#0c71c3&#8243; background_layout=\u00bbdark\u00bb button_letter_spacing_hover=\u00bb0&#8243; global_colors_info=\u00bb{}\u00bb button_text_size__hover_enabled=\u00bboff\u00bb button_one_text_size__hover_enabled=\u00bboff\u00bb button_two_text_size__hover_enabled=\u00bboff\u00bb button_text_color__hover_enabled=\u00bboff\u00bb button_one_text_color__hover_enabled=\u00bboff\u00bb button_two_text_color__hover_enabled=\u00bboff\u00bb button_border_width__hover_enabled=\u00bboff\u00bb button_one_border_width__hover_enabled=\u00bboff\u00bb button_two_border_width__hover_enabled=\u00bboff\u00bb button_border_color__hover_enabled=\u00bboff\u00bb button_one_border_color__hover_enabled=\u00bboff\u00bb button_two_border_color__hover_enabled=\u00bboff\u00bb button_border_radius__hover_enabled=\u00bboff\u00bb button_one_border_radius__hover_enabled=\u00bboff\u00bb button_two_border_radius__hover_enabled=\u00bboff\u00bb button_letter_spacing__hover_enabled=\u00bbon\u00bb button_letter_spacing__hover=\u00bb0&#8243; button_one_letter_spacing__hover_enabled=\u00bboff\u00bb button_two_letter_spacing__hover_enabled=\u00bboff\u00bb button_bg_color__hover_enabled=\u00bboff\u00bb button_one_bg_color__hover_enabled=\u00bboff\u00bb button_two_bg_color__hover_enabled=\u00bboff\u00bb] [\/et_pb_button][et_pb_toggle title=\u00bb\u00bfLas personas con transtornos mentales son violentas?\u00bb admin_label=\u00bbConmutador s\u00f3n violentes?\u00bb _builder_version=\u00bb4.16&#8243; background_size=\u00bbinitial\u00bb background_position=\u00bbtop_left\u00bb background_repeat=\u00bbrepeat\u00bb use_border_color=\u00bboff\u00bb border_color=\u00bb#ffffff\u00bb border_style=\u00bbsolid\u00bb global_colors_info=\u00bb{}\u00bb]<span id=\"result_box\" class=\"\" lang=\"es\">Tener un car\u00e1cter agresivo es independiente de tener un trastorno mental.<\/p>\n<p><span class=\"\">En general las<\/span> <span class=\"\">personas con trastornos mentales<\/span> evitan las situaciones violentas. Por un lado les genera estr\u00e9s y, por otro<span class=\"\">, saben que<\/span> favorece el estigma y la discriminaci\u00f3n.<\/span><br \/>\n[\/et_pb_toggle][et_pb_toggle title=\u00bb\u00bfCuando tienes un transtorno mental puedes hacer una vida normal?\u00bb admin_label=\u00bbConmutador Quan tens un trastorn mental pots fer una vida normal?\u00bb _builder_version=\u00bb4.16&#8243; background_size=\u00bbinitial\u00bb background_position=\u00bbtop_left\u00bb background_repeat=\u00bbrepeat\u00bb use_border_color=\u00bboff\u00bb border_color=\u00bb#ffffff\u00bb border_style=\u00bbsolid\u00bb global_colors_info=\u00bb{}\u00bb]<span id=\"result_box\" class=\"\" lang=\"es\">Con el tratamiento adecuado y con un entorno social y familiar favorable, una persona con un problema de salud mental puede hacer frente y convivir con las limitaciones del trastorno y tener \u00e9xito <span class=\"\">en la vida.<\/span><\/span><br \/>\n[\/et_pb_toggle][et_pb_toggle title=\u00bb\u00bfSe nace con un transtorno mental?\u00bb admin_label=\u00bbConmutador S\u2019hi neix amb el trastorn mental?\u00bb _builder_version=\u00bb4.16&#8243; background_size=\u00bbinitial\u00bb background_position=\u00bbtop_left\u00bb background_repeat=\u00bbrepeat\u00bb use_border_color=\u00bboff\u00bb border_color=\u00bb#ffffff\u00bb border_style=\u00bbsolid\u00bb global_colors_info=\u00bb{}\u00bb]<span id=\"result_box\" class=\"\" lang=\"es\">Su aparici\u00f3n no es exclusivamente por factores hereditarios. Tambi\u00e9n pueden favorecerlo o provocarlo aspectos ambientales como el estr\u00e9s, el consumo problem\u00e1tico de drogas, los traumatismos cerebrales, algunas enfermedades org\u00e1nicas, o acontecimientos traum\u00e1ticos como malos tratos, problemas econ\u00f3micos <span class=\"\">importantes<\/span> <span class=\"\">u otros<\/span>.<\/span><br \/>\n[\/et_pb_toggle][et_pb_toggle title=\u00bb\u00bfLas personas con un transtorno mental tienen una discapacidad ps\u00edquica?\u00bb admin_label=\u00bbConmutador tenen una discapacitat ps\u00edquica?\u00bb _builder_version=\u00bb4.16&#8243; background_size=\u00bbinitial\u00bb background_position=\u00bbtop_left\u00bb background_repeat=\u00bbrepeat\u00bb use_border_color=\u00bboff\u00bb border_color=\u00bb#ffffff\u00bb border_style=\u00bbsolid\u00bb global_colors_info=\u00bb{}\u00bb]<span id=\"result_box\" class=\"\" lang=\"es\">El trastorno mental no disminuye ni deteriora las facultades mentales, sino que las altera de manera temporal. Tener uno no implica tener menor capacidad intelectual.<\/span><\/p>\n<p><span id=\"result_box\" class=\"\" lang=\"es\">Esto no quita que una persona con una discapacidad ps\u00edquica pueda tener, adem\u00e1s, <span class=\"\">un trastorno mental.<\/span><\/span><br \/>\n[\/et_pb_toggle][et_pb_toggle title=\u00bb\u00bfSi tienes un problema de salud mental te ingresan en un psiqui\u00e1trico?\u00bb admin_label=\u00bbConmutador t&#8217;ingressen a un psiqui\u00e0tric\u00bb _builder_version=\u00bb4.16&#8243; background_size=\u00bbinitial\u00bb background_position=\u00bbtop_left\u00bb background_repeat=\u00bbrepeat\u00bb use_border_color=\u00bboff\u00bb border_color=\u00bb#ffffff\u00bb border_style=\u00bbsolid\u00bb global_colors_info=\u00bb{}\u00bb]<span id=\"result_box\" class=\"\" lang=\"es\">Muchos tratamientos y procesos de recuperaci\u00f3n no necesitan de hospitalizaci\u00f3n o, cuando son necesarios, los ingresos son temporales.<\/span><\/p>\n<p><span id=\"result_box\" class=\"\" lang=\"es\">Los centros psiqui\u00e1tricos, en la actualidad, ya no son instituciones para aislar y recluir.<\/span><br \/>\n[\/et_pb_toggle][et_pb_toggle title=\u00bb\u00bfLos transtornos mentales se curan?\u00bb admin_label=\u00bbConmutador Els trastorns mentals es curen?\u00bb _builder_version=\u00bb4.16&#8243; background_size=\u00bbinitial\u00bb background_position=\u00bbtop_left\u00bb background_repeat=\u00bbrepeat\u00bb use_border_color=\u00bboff\u00bb border_color=\u00bb#ffffff\u00bb border_style=\u00bbsolid\u00bb global_colors_info=\u00bb{}\u00bb]<span id=\"result_box\" class=\"\" lang=\"es\">Que un trastorno mental se pueda curar o controlar depender\u00e1 del tipo que sea, el tratamiento que reciba la persona, el apoyo que reciba y su actitud personal. As\u00ed que no siempre son irreversibles, ni <span class=\"\">permanentes.<\/span><\/span><br \/>\n[\/et_pb_toggle][\/et_pb_column][et_pb_column type=\u00bb1_2&#8243; _builder_version=\u00bb4.16&#8243; custom_padding=\u00bb|||\u00bb global_colors_info=\u00bb{}\u00bb custom_padding__hover=\u00bb|||\u00bb][et_pb_button button_text=\u00bbDROGAS Y DROGODEPENDENCIAS\u00bb button_alignment=\u00bbcenter\u00bb admin_label=\u00bbBot\u00f3n Drogues\u00bb _builder_version=\u00bb4.16&#8243; custom_button=\u00bbon\u00bb button_bg_color=\u00bb#0c71c3&#8243; background_layout=\u00bbdark\u00bb button_letter_spacing_hover=\u00bb0&#8243; global_colors_info=\u00bb{}\u00bb button_text_size__hover_enabled=\u00bboff\u00bb button_one_text_size__hover_enabled=\u00bboff\u00bb button_two_text_size__hover_enabled=\u00bboff\u00bb button_text_color__hover_enabled=\u00bboff\u00bb button_one_text_color__hover_enabled=\u00bboff\u00bb button_two_text_color__hover_enabled=\u00bboff\u00bb button_border_width__hover_enabled=\u00bboff\u00bb button_one_border_width__hover_enabled=\u00bboff\u00bb button_two_border_width__hover_enabled=\u00bboff\u00bb button_border_color__hover_enabled=\u00bboff\u00bb button_one_border_color__hover_enabled=\u00bboff\u00bb button_two_border_color__hover_enabled=\u00bboff\u00bb button_border_radius__hover_enabled=\u00bboff\u00bb button_one_border_radius__hover_enabled=\u00bboff\u00bb button_two_border_radius__hover_enabled=\u00bboff\u00bb button_letter_spacing__hover_enabled=\u00bbon\u00bb button_letter_spacing__hover=\u00bb0&#8243; button_one_letter_spacing__hover_enabled=\u00bboff\u00bb button_two_letter_spacing__hover_enabled=\u00bboff\u00bb button_bg_color__hover_enabled=\u00bboff\u00bb button_one_bg_color__hover_enabled=\u00bboff\u00bb button_two_bg_color__hover_enabled=\u00bboff\u00bb] [\/et_pb_button][et_pb_toggle title=\u00bb\u00bfLas personas que consumen drogas se vuelven adictas?\u00bb closed_toggle_background_color=\u00bbrgba(237,239,124,0.61)\u00bb admin_label=\u00bbConmutador s\u2019hi tornen addictes?\u00bb _builder_version=\u00bb4.16&#8243; background_size=\u00bbinitial\u00bb background_position=\u00bbtop_left\u00bb background_repeat=\u00bbrepeat\u00bb use_border_color=\u00bboff\u00bb border_color=\u00bb#ffffff\u00bb border_style=\u00bbsolid\u00bb global_colors_info=\u00bb{}\u00bb]<span id=\"result_box\" class=\"\" lang=\"es\" tabindex=\"-1\">El riesgo de desarrollar <span class=\"\">una adicci\u00f3n<\/span> est\u00e1 influenciado por una combinaci\u00f3n de diferentes factores: el potencial adictivo de la sustancia, la constituci\u00f3n biol\u00f3gica, el entorno social, el car\u00e1cter y la personalidad, la edad&#8230; Cuanto m\u00e1s factores de riesgo se tienen, mayor es <span class=\"\">la probabilidad de que<\/span> su consumo conlleve la adicci\u00f3n.<\/p>\n<p>Sin embargo la mayor\u00eda <span class=\"\">de personas<\/span> que usan drogas no son adictos (salvo algunas como el tabaco o los <span class=\"\">opi\u00e1ceos<\/span>).<\/span><br \/>\n[\/et_pb_toggle][et_pb_toggle title=\u00bb\u00bfEl alcohol es una droga?\u00bb closed_toggle_background_color=\u00bbrgba(237,239,124,0.61)\u00bb admin_label=\u00bbConmutador L\u2019alcohol \u00e9s una droga?\u00bb _builder_version=\u00bb4.16&#8243; background_size=\u00bbinitial\u00bb background_position=\u00bbtop_left\u00bb background_repeat=\u00bbrepeat\u00bb use_border_color=\u00bboff\u00bb border_color=\u00bb#ffffff\u00bb border_style=\u00bbsolid\u00bb global_colors_info=\u00bb{}\u00bb]<span id=\"result_box\" class=\"\" lang=\"es\" tabindex=\"-1\">A pesar de ser una sustancia legal, el alcohol tambi\u00e9n act\u00faa sobre el organismo provocando diferentes efectos indeseables y tiene la capacidad de generar tolerancia y dependencia f\u00edsica y psicol\u00f3gica.<\/p>\n<p>Que forme parte de nuestra cultura y sea una sustancia de uso habitual, no hace que no sea una droga.<\/span><br \/>\n[\/et_pb_toggle][et_pb_toggle title=\u00bb\u00bfComo el cannabis tiene usos terap\u00e9uticos es sano?\u00bb closed_toggle_background_color=\u00bbrgba(237,239,124,0.61)\u00bb admin_label=\u00bbConmutador Com el c\u00e0nnabis t\u00e9 usos terap\u00e8utics \u00e9s sa?\u00bb _builder_version=\u00bb4.16&#8243; background_size=\u00bbinitial\u00bb background_position=\u00bbtop_left\u00bb background_repeat=\u00bbrepeat\u00bb use_border_color=\u00bboff\u00bb border_color=\u00bb#ffffff\u00bb border_style=\u00bbsolid\u00bb global_colors_info=\u00bb{}\u00bb]<span id=\"result_box\" class=\"\" lang=\"es\" tabindex=\"-1\">El hecho de que una sustancia tenga propiedades terap\u00e9uticas quiere decir que o bien cura o bien mejora los s\u00edntomas de alguna enfermedad, pero no que consumirla sea sano por s\u00ed solo.<\/span><\/p>\n<p><span id=\"result_box\" class=\"\" lang=\"es\" tabindex=\"-1\">Se ha visto que algunos principios activos del cannabis tienen efectos terap\u00e9uticos y que son indicados para ciertas enfermedades. En estos casos, se aconseja que se administre en vapor, espray, tintura o infusi\u00f3n. De ah\u00ed que el cannabis <span class=\"\">para uso terap\u00e9utico<\/span> poco tenga que ver con su consumo l\u00fadico y <span class=\"\">recreativo.<\/span><\/span><br \/>\n[\/et_pb_toggle][et_pb_toggle title=\u00bb\u00bfLos porros enganchan?\u00bb closed_toggle_background_color=\u00bbrgba(237,239,124,0.61)\u00bb admin_label=\u00bbConmutador Els porros enganxen?\u00bb _builder_version=\u00bb4.16&#8243; background_size=\u00bbinitial\u00bb background_position=\u00bbtop_left\u00bb background_repeat=\u00bbrepeat\u00bb use_border_color=\u00bboff\u00bb border_color=\u00bb#ffffff\u00bb border_style=\u00bbsolid\u00bb global_colors_info=\u00bb{}\u00bb]<span id=\"result_box\" class=\"\" lang=\"es\">El consumo de cannabis puede generar dependencia, aunque hay muchas personas que fuman porros y no tienen. Algunas pistas para saber si se est\u00e1 enganchado son cuando se fuma: solo o sola, para evadirse de los problemas, por la ma\u00f1ana&#8230; o cuando se est\u00e1 nervioso porque no se tiene.<\/span><\/p>\n<p><span id=\"result_box\" class=\"\" lang=\"es\">Tambi\u00e9n se tiene que tener en cuenta que habitualmente los porros se hacen con tabaco, que es altamente adictivo. Por tanto puede ser que el consumo y la posibilidad de dependencia aumenten<span class=\"\">.<\/span><\/span><br \/>\n[\/et_pb_toggle][et_pb_toggle title=\u00bb\u00bfSi una droga es natural es segura?\u00bb closed_toggle_background_color=\u00bbrgba(237,239,124,0.61)\u00bb admin_label=\u00bbConmutador Si una droga \u00e9s natural \u00e9s segura?\u00bb _builder_version=\u00bb4.16&#8243; background_size=\u00bbinitial\u00bb background_position=\u00bbtop_left\u00bb background_repeat=\u00bbrepeat\u00bb use_border_color=\u00bboff\u00bb border_color=\u00bb#ffffff\u00bb border_style=\u00bbsolid\u00bb global_colors_info=\u00bb{}\u00bb]<span id=\"result_box\" class=\"\" lang=\"es\">Alguna drogas naturales pueden tener efectos muy potentes, como es el caso de determinados tipos de marihuana o de setas alucin\u00f3genas y, por tanto, su consumo tiene riesgos importantes.<\/p>\n<p>Lo que s\u00ed es cierto es que, una vez conocida la variedad y potencia<span class=\"\">, la informaci\u00f3n sobre<\/span> ellas es m\u00e1s segura que la de drogas qu\u00edmicas ilegales o no <span class=\"\">reguladas.<\/span><\/span><br \/>\n[\/et_pb_toggle][\/et_pb_column][\/et_pb_row][\/et_pb_section][et_pb_section fb_built=\u00bb1&#8243; admin_label=\u00bbSecci\u00f3 PIE P\u00c1GINA castellano\u00bb _builder_version=\u00bb4.24.2&#8243; _module_preset=\u00bbdefault\u00bb background_color=\u00bb#000000&#8243; global_colors_info=\u00bb{}\u00bb theme_builder_area=\u00bbpost_content\u00bb][et_pb_row column_structure=\u00bb1_3,1_3,1_3&#8243; _builder_version=\u00bb4.24.2&#8243; _module_preset=\u00bbdefault\u00bb global_colors_info=\u00bb{}\u00bb theme_builder_area=\u00bbpost_content\u00bb][et_pb_column type=\u00bb1_3&#8243; _builder_version=\u00bb4.24.2&#8243; _module_preset=\u00bbdefault\u00bb global_colors_info=\u00bb{}\u00bb theme_builder_area=\u00bbpost_content\u00bb][et_pb_text _builder_version=\u00bb4.24.2&#8243; _module_preset=\u00bbdefault\u00bb global_colors_info=\u00bb{}\u00bb theme_builder_area=\u00bbpost_content\u00bb]<\/p>\n<div class=\"et_pb_module et_pb_text et_pb_text_8  et_pb_text_align_justified et_pb_bg_layout_light\">\n<div class=\"et_pb_text_inner\">\n<h3 style=\"color: #ffffff;\">Acceso r\u00e1pido<\/h3>\n<p><a style=\"color: #ffffff;\" href=\"https:\/\/salutmental.info\/el-web-i-nosaltres\/contactar\/\">Contacto<\/a><br \/>\n<a style=\"color: #ffffff;\" href=\"https:\/\/www.gramenet.cat\/seu-electronica\/informacio-sobre-la-seu\/avis-legal\/\" target=\"_blank\" rel=\"noopener\" data-insuit-uuid=\"353acac9-b95d-41db-890e-0fe22e36e2f4\">Aviso legal<\/a><br \/>\n<a style=\"color: #ffffff;\" title=\"Protecci\u00f3 de dades\" href=\"https:\/\/www.gramenet.cat\/seu-electronica\/proteccio-de-dades\/\" target=\"_blank\" rel=\"noopener\" data-insuit-uuid=\"f42a28cb-669d-4f92-abed-89a78fb31d26\">Pol\u00edtica de protecci\u00f3n de datos<\/a><br \/>\n<a style=\"color: #ffffff;\" href=\"https:\/\/www.gramenet.cat\/seu-electronica\/accessibilitat\/\" data-insuit-uuid=\"d825170a-0959-415e-bc12-d7ce6a9bb8a2\">Accesibilidad<\/a><\/p>\n<\/div>\n<\/div>\n<div class=\"et_pb_module et_pb_text et_pb_text_9  et_pb_text_align_justified et_pb_bg_layout_light\">\n<div class=\"et_pb_text_inner\"><a style=\"color: #ffffff;\" href=\"https:\/\/salutmental.info\/\">Catal\u00e0<\/a>\u00a0<a tyle=\"color: red\"  href=\"https:\/\/salutmental.info\/es\/\">Castellano<\/a><\/div>\n<\/div>\n<p>[\/et_pb_text][\/et_pb_column][et_pb_column type=\u00bb1_3&#8243; _builder_version=\u00bb4.24.2&#8243; _module_preset=\u00bbdefault\u00bb global_colors_info=\u00bb{}\u00bb theme_builder_area=\u00bbpost_content\u00bb][et_pb_text admin_label=\u00bbTexto e-Redes sociales\u00bb _builder_version=\u00bb4.24.2&#8243; _module_preset=\u00bbdefault\u00bb global_colors_info=\u00bb{}\u00bb theme_builder_area=\u00bbpost_content\u00bb]<\/p>\n<h3 style=\"color: #ffffff;\">e-Redes sociales<\/h3>\n<p><a style=\"color: #ffffff;\" title=\"@scgramenet\" href=\"http:\/\/twitter.com\/scgramenet\" target=\"_blank\" rel=\"noopener\" data-insuit-uuid=\"b3e0d28b-dc44-4f86-8346-4e0365352a49\">Twitter\u00ae<\/a><br \/>\n<a style=\"color: #ffffff;\" title=\"Pasi\u00f3n por Santako\" href=\"https:\/\/www.facebook.com\/PasionPorSantako\/\" target=\"_blank\" rel=\"noopener\" data-insuit-uuid=\"d7d32cfb-104d-49e1-ae1d-661bf056d52f\">Facebook\u00ae<\/a><br \/>\n<a style=\"color: #ffffff;\" href=\"http:\/\/www.slideshare.net\/scgramenet\" target=\"_blank\" rel=\"noopener\" data-insuit-uuid=\"bddc3bcb-dbbc-4022-91ad-8426d5697366\">SlideShare\u00ae<\/a><br \/>\n<a style=\"color: #ffffff;\" href=\"https:\/\/www.youtube.com\/channel\/UC07JH7VJ6nw9OBnxScovrCA\" target=\"_blank\" rel=\"noopener\" data-insuit-uuid=\"77d03fce-5840-489b-9fcd-25a0abf9b0f8\">YouTube\u00ae<\/a><br \/>\n<a style=\"color: #ffffff;\" href=\"https:\/\/www.instagram.com\/pla_salut_gramenet\/\" target=\"_blank\" rel=\"noopener\" data-insuit-uuid=\"f82bba6b-dc9a-4033-9fe9-9c44fe0c6a34\">Instagram\u00ae<\/a><\/p>\n<p>[\/et_pb_text][\/et_pb_column][et_pb_column type=\u00bb1_3&#8243; _builder_version=\u00bb4.24.2&#8243; _module_preset=\u00bbdefault\u00bb global_colors_info=\u00bb{}\u00bb theme_builder_area=\u00bbpost_content\u00bb][et_pb_text admin_label=\u00bbTexto adre\u00e7a Ajuntament\u00bb _builder_version=\u00bb4.24.2&#8243; _module_preset=\u00bbdefault\u00bb global_colors_info=\u00bb{}\u00bb theme_builder_area=\u00bbpost_content\u00bb]<\/p>\n<p style=\"color: #ffffff; text-align: right;\">Ajuntament de Santa Coloma de Gramenet<br \/>Pla\u00e7a de la Vila, 1 &#8211; 08921 Santa Coloma de Gramenet &#8211; Barcelona<br \/>Tel.: 93 462 40 00<br \/>NIF: P0824500C<\/p>\n<p>[\/et_pb_text][\/et_pb_column][\/et_pb_row][\/et_pb_section]<\/p>\n","protected":false},"excerpt":{"rendered":"<p>&nbsp; Tener un car\u00e1cter agresivo es independiente de tener un trastorno mental. En general las personas con trastornos mentales evitan las situaciones violentas. Por un lado les genera estr\u00e9s y, por otro, saben que favorece el estigma y la discriminaci\u00f3n. Con el tratamiento adecuado y con un entorno social y familiar favorable, una persona con [&hellip;]<\/p>\n","protected":false},"author":1,"featured_media":0,"parent":0,"menu_order":35,"comment_status":"closed","ping_status":"closed","template":"page-template-blank.php","meta":{"_et_pb_use_builder":"on","_et_pb_old_content":"","_et_gb_content_width":"","footnotes":""},"class_list":["post-907","page","type-page","status-publish","hentry"],"_links":{"self":[{"href":"https:\/\/salutmental.info\/es\/wp-json\/wp\/v2\/pages\/907","targetHints":{"allow":["GET"]}}],"collection":[{"href":"https:\/\/salutmental.info\/es\/wp-json\/wp\/v2\/pages"}],"about":[{"href":"https:\/\/salutmental.info\/es\/wp-json\/wp\/v2\/types\/page"}],"author":[{"embeddable":true,"href":"https:\/\/salutmental.info\/es\/wp-json\/wp\/v2\/users\/1"}],"replies":[{"embeddable":true,"href":"https:\/\/salutmental.info\/es\/wp-json\/wp\/v2\/comments?post=907"}],"version-history":[{"count":4,"href":"https:\/\/salutmental.info\/es\/wp-json\/wp\/v2\/pages\/907\/revisions"}],"predecessor-version":[{"id":6632,"href":"https:\/\/salutmental.info\/es\/wp-json\/wp\/v2\/pages\/907\/revisions\/6632"}],"wp:attachment":[{"href":"https:\/\/salutmental.info\/es\/wp-json\/wp\/v2\/media?parent=907"}],"curies":[{"name":"wp","href":"https:\/\/api.w.org\/{rel}","templated":true}]}}