{"id":903,"date":"2017-01-17T09:53:33","date_gmt":"2017-01-17T08:53:33","guid":{"rendered":"http:\/\/salutmental.info\/?page_id=903\/"},"modified":"2024-03-14T10:40:00","modified_gmt":"2024-03-14T09:40:00","slug":"tractament-per-alcohol-o-altres-drogues","status":"publish","type":"page","link":"https:\/\/salutmental.info\/es\/tractament\/tractament-per-alcohol-o-altres-drogues\/","title":{"rendered":"Tratamiento por alcohol u otras drogas"},"content":{"rendered":"<p>[et_pb_section fb_built=\u00bb1&#8243; fullwidth=\u00bbon\u00bb custom_padding_last_edited=\u00bbon|desktop\u00bb admin_label=\u00bbSecci\u00f3 men\u00fa CASTELL\u00c0\u00bb _builder_version=\u00bb4.24.2&#8243; background_color=\u00bb#d7282e\u00bb custom_padding_tablet=\u00bb50px|0|50px|0&#8243; custom_padding_phone=\u00bb\u00bb transparent_background=\u00bboff\u00bb padding_mobile=\u00bboff\u00bb global_colors_info=\u00bb{}\u00bb theme_builder_area=\u00bbpost_content\u00bb][et_pb_fullwidth_menu menu_id=\u00bb11&#8243; submenu_direction=\u00bbdownwards\u00bb fullwidth_menu=\u00bboff\u00bb logo=\u00bbhttps:\/\/salutmental.info\/wp-content\/uploads\/2024\/02\/logo_aj_negatiu-200.png\u00bb admin_label=\u00bbMen\u00fa CASTELL\u00c0\u00bb _builder_version=\u00bb4.24.2&#8243; background_color=\u00bb#d7282e\u00bb text_orientation=\u00bbright\u00bb background_layout=\u00bbdark\u00bb global_colors_info=\u00bb{}\u00bb theme_builder_area=\u00bbpost_content\u00bb]&nbsp;<br \/>\n[\/et_pb_fullwidth_menu][\/et_pb_section][et_pb_section fb_built=\u00bb1&#8243; admin_label=\u00bbsection\u00bb _builder_version=\u00bb4.16&#8243; global_colors_info=\u00bb{}\u00bb][et_pb_row admin_label=\u00bbFila\u00bb _builder_version=\u00bb4.16&#8243; background_size=\u00bbinitial\u00bb background_position=\u00bbtop_left\u00bb background_repeat=\u00bbrepeat\u00bb global_colors_info=\u00bb{}\u00bb column_structure=\u00bb2_3,1_3&#8243;][et_pb_column type=\u00bb2_3&#8243; _builder_version=\u00bb4.16&#8243; custom_padding=\u00bb|||\u00bb global_colors_info=\u00bb{}\u00bb custom_padding__hover=\u00bb|||\u00bb][et_pb_post_title author=\u00bboff\u00bb date=\u00bboff\u00bb featured_image=\u00bboff\u00bb admin_label=\u00bbT\u00edtulo de publicaci\u00f3n\u00bb _builder_version=\u00bb4.16&#8243; title_all_caps=\u00bboff\u00bb background_color=\u00bbrgba(255,255,255,0)\u00bb parallax=\u00bbon\u00bb parallax_method=\u00bboff\u00bb parallax_effect=\u00bbon\u00bb module_bg_color=\u00bbrgba(255,255,255,0)\u00bb use_border_color=\u00bboff\u00bb border_color=\u00bb#ffffff\u00bb border_style=\u00bbsolid\u00bb global_colors_info=\u00bb{}\u00bb] [\/et_pb_post_title][\/et_pb_column][et_pb_column type=\u00bb1_3&#8243; _builder_version=\u00bb4.16&#8243; custom_padding=\u00bb|||\u00bb global_colors_info=\u00bb{}\u00bb custom_padding__hover=\u00bb|||\u00bb][\/et_pb_column][\/et_pb_row][et_pb_row admin_label=\u00bbFila\u00bb _builder_version=\u00bb4.16&#8243; background_size=\u00bbinitial\u00bb background_position=\u00bbtop_left\u00bb background_repeat=\u00bbrepeat\u00bb global_colors_info=\u00bb{}\u00bb column_structure=\u00bb1_3,2_3&#8243;][et_pb_column type=\u00bb1_3&#8243; _builder_version=\u00bb4.16&#8243; custom_padding=\u00bb|||\u00bb global_colors_info=\u00bb{}\u00bb custom_padding__hover=\u00bb|||\u00bb][et_pb_image src=\u00bbhttps:\/\/salutmental.info\/wp-content\/uploads\/2016\/11\/i4.jpg\u00bb align_tablet=\u00bbcenter\u00bb align_last_edited=\u00bbon|desktop\u00bb admin_label=\u00bbImagen\u00bb _builder_version=\u00bb4.16&#8243; animation_style=\u00bbslide\u00bb animation_direction=\u00bbleft\u00bb animation_duration=\u00bb500ms\u00bb animation_intensity_slide=\u00bb10%\u00bb use_border_color=\u00bboff\u00bb border_color=\u00bb#ffffff\u00bb border_style=\u00bbsolid\u00bb animation=\u00bbleft\u00bb sticky=\u00bboff\u00bb always_center_on_mobile=\u00bbon\u00bb global_colors_info=\u00bb{}\u00bb align_phone=\u00bbcenter\u00bb] [\/et_pb_image][\/et_pb_column][et_pb_column type=\u00bb2_3&#8243; _builder_version=\u00bb4.16&#8243; custom_padding=\u00bb|||\u00bb global_colors_info=\u00bb{}\u00bb custom_padding__hover=\u00bb|||\u00bb][et_pb_text admin_label=\u00bbTexto\u00bb _builder_version=\u00bb4.16&#8243; background_size=\u00bbinitial\u00bb background_position=\u00bbtop_left\u00bb background_repeat=\u00bbrepeat\u00bb text_orientation=\u00bbleft\u00bb use_border_color=\u00bboff\u00bb border_color=\u00bb#ffffff\u00bb border_style=\u00bbsolid\u00bb global_colors_info=\u00bb{}\u00bb]Si pensamos que tenemos un problema con el alcohol u otras drogas, lo primero que tendremos que decidir es qu\u00e9 es lo que queremos:<\/p>\n<ul>\n<li><strong> Cambiar la manera de consumir<\/strong> de manera que no nos haga da\u00f1o o nos lo haga menos.<\/li>\n<li><strong><strong> Dejar totalmente las drogas.<\/strong><\/strong><\/li>\n<\/ul>\n<p>La primera opci\u00f3n puede concretarse de diferentes maneras:<\/p>\n<ul>\n<li><strong> Reducir la cantidad de la sustancia <strong> o la frecuencia<\/strong><\/strong> con que la consumimos.<\/li>\n<li><strong> Sustituir una droga por otra substancia<\/strong> cuyo consumo provoque menos problemas.<\/li>\n<li><strong><strong> Tomarla de una manera m\u00e1s higi\u00e9nica<\/strong><\/strong> y segura.<\/li>\n<\/ul>\n<p>A veces consumir de otra manera es lo que realmente queremos, pero en otras ocasiones no es la elecci\u00f3n que quisi\u00e9ramos (que ser\u00eda abandonar totalmente su uso) sino la m\u00e1s realista. Esto ocurre cuando no nos vemos capaces de hacerlo o quisi\u00e9ramos pero no tenemos unas condiciones que nos lo permitan.<\/p>\n<p>Si queremos dejar totalmente el consumo, lo hemos intentado por nuestra cuenta o con la ayuda de las personas que tenemos cerca y no nos ha ido bien, necesitaremos ayuda profesional. Tenemos diferentes v\u00edas en funci\u00f3n de la dependencia:<\/p>\n<p style=\"padding-left: 30px;\"><strong> Tabaquismo<\/strong>: el m\u00e9dico o m\u00e9dica del CAP nos puede pautar un tratamiento.<strong><br \/>\n<strong> Alcoholismo<\/strong><\/strong>: podemos hacer el tratamiento en el CAP o en el CAS.<strong><strong><br \/>\n<strong> Otros drogodependencias<\/strong><\/strong><\/strong>: tratamiento en el CAS.<\/p>\n<p><strong><strong><strong>Un CAS es un centro especializado en el tratamiento de las drogodependencias<\/strong><\/strong><\/strong>. Al CAS podemos ir directamente (no nos tienen que derivar desde ning\u00fan servicio).<\/p>\n<p>All\u00ed nos har\u00e1n la <strong>desintoxicaci\u00f3n<\/strong> cuando sea necesaria (por la dependencia f\u00edsica que provocan drogas como el alcohol o la hero\u00edna), la <strong>deshabituaci\u00f3n<\/strong> (aprender a funcionar sin las drogas) y nos facilitar\u00e1n la <strong>normalizaci\u00f3n social<\/strong> (incorporarse a la sociedad de manera sana). En el CAS tambi\u00e9n gestionan otros programas como:<\/p>\n<ul>\n<li>Tratamiento con sustancias que anulan el efecto de las drogas o provocan malestar cuando se consumen para facilitar la abstinencia.<\/li>\n<li>Seguimiento y control org\u00e1nico.<\/li>\n<li>Atenci\u00f3n psiqui\u00e1trica.<\/li>\n<li>Detecci\u00f3n de drogas en el cuerpo (control del consumo).<\/li>\n<li>Tratamiento con metadona para sustituir el consumo de hero\u00edna por esta sustancia controlada, que se podr\u00e1 tomar en el CAS, en el Bus Intermunicipal de la Metadona o en una farmacia.<\/li>\n<li>Apoyo a familias.<\/li>\n<\/ul>\n<p>[\/et_pb_text][\/et_pb_column][\/et_pb_row][\/et_pb_section][et_pb_section fb_built=\u00bb1&#8243; admin_label=\u00bbSecci\u00f3 PIE P\u00c1GINA castellano\u00bb _builder_version=\u00bb4.24.2&#8243; _module_preset=\u00bbdefault\u00bb background_color=\u00bb#000000&#8243; global_colors_info=\u00bb{}\u00bb theme_builder_area=\u00bbpost_content\u00bb][et_pb_row column_structure=\u00bb1_3,1_3,1_3&#8243; _builder_version=\u00bb4.24.2&#8243; _module_preset=\u00bbdefault\u00bb global_colors_info=\u00bb{}\u00bb theme_builder_area=\u00bbpost_content\u00bb][et_pb_column type=\u00bb1_3&#8243; _builder_version=\u00bb4.24.2&#8243; _module_preset=\u00bbdefault\u00bb global_colors_info=\u00bb{}\u00bb theme_builder_area=\u00bbpost_content\u00bb][et_pb_text _builder_version=\u00bb4.24.2&#8243; _module_preset=\u00bbdefault\u00bb global_colors_info=\u00bb{}\u00bb theme_builder_area=\u00bbpost_content\u00bb]<\/p>\n<div class=\"et_pb_module et_pb_text et_pb_text_8  et_pb_text_align_justified et_pb_bg_layout_light\">\n<div class=\"et_pb_text_inner\">\n<h3 style=\"color: #ffffff;\">Acceso r\u00e1pido<\/h3>\n<p><a style=\"color: #ffffff;\" href=\"https:\/\/salutmental.info\/el-web-i-nosaltres\/contactar\/\">Contacto<\/a><br \/>\n<a style=\"color: #ffffff;\" href=\"https:\/\/www.gramenet.cat\/seu-electronica\/informacio-sobre-la-seu\/avis-legal\/\" target=\"_blank\" rel=\"noopener\" data-insuit-uuid=\"353acac9-b95d-41db-890e-0fe22e36e2f4\">Aviso legal<\/a><br \/>\n<a style=\"color: #ffffff;\" title=\"Protecci\u00f3 de dades\" href=\"https:\/\/www.gramenet.cat\/seu-electronica\/proteccio-de-dades\/\" target=\"_blank\" rel=\"noopener\" data-insuit-uuid=\"f42a28cb-669d-4f92-abed-89a78fb31d26\">Pol\u00edtica de protecci\u00f3n de datos<\/a><br \/>\n<a style=\"color: #ffffff;\" href=\"https:\/\/www.gramenet.cat\/seu-electronica\/accessibilitat\/\" data-insuit-uuid=\"d825170a-0959-415e-bc12-d7ce6a9bb8a2\">Accesibilidad<\/a><\/p>\n<\/div>\n<\/div>\n<div class=\"et_pb_module et_pb_text et_pb_text_9  et_pb_text_align_justified et_pb_bg_layout_light\">\n<div class=\"et_pb_text_inner\"><a style=\"color: #ffffff;\" href=\"https:\/\/salutmental.info\/\">Catal\u00e0<\/a>\u00a0<a tyle=\"color: red\"  href=\"https:\/\/salutmental.info\/es\/\">Castellano<\/a><\/div>\n<\/div>\n<p>[\/et_pb_text][\/et_pb_column][et_pb_column type=\u00bb1_3&#8243; _builder_version=\u00bb4.24.2&#8243; _module_preset=\u00bbdefault\u00bb global_colors_info=\u00bb{}\u00bb theme_builder_area=\u00bbpost_content\u00bb][et_pb_text admin_label=\u00bbTexto e-Redes sociales\u00bb _builder_version=\u00bb4.24.2&#8243; _module_preset=\u00bbdefault\u00bb global_colors_info=\u00bb{}\u00bb theme_builder_area=\u00bbpost_content\u00bb]<\/p>\n<h3 style=\"color: #ffffff;\">e-Redes sociales<\/h3>\n<p><a style=\"color: #ffffff;\" title=\"@scgramenet\" href=\"http:\/\/twitter.com\/scgramenet\" target=\"_blank\" rel=\"noopener\" data-insuit-uuid=\"b3e0d28b-dc44-4f86-8346-4e0365352a49\">Twitter\u00ae<\/a><br \/>\n<a style=\"color: #ffffff;\" title=\"Pasi\u00f3n por Santako\" href=\"https:\/\/www.facebook.com\/PasionPorSantako\/\" target=\"_blank\" rel=\"noopener\" data-insuit-uuid=\"d7d32cfb-104d-49e1-ae1d-661bf056d52f\">Facebook\u00ae<\/a><br \/>\n<a style=\"color: #ffffff;\" href=\"http:\/\/www.slideshare.net\/scgramenet\" target=\"_blank\" rel=\"noopener\" data-insuit-uuid=\"bddc3bcb-dbbc-4022-91ad-8426d5697366\">SlideShare\u00ae<\/a><br \/>\n<a style=\"color: #ffffff;\" href=\"https:\/\/www.youtube.com\/channel\/UC07JH7VJ6nw9OBnxScovrCA\" target=\"_blank\" rel=\"noopener\" data-insuit-uuid=\"77d03fce-5840-489b-9fcd-25a0abf9b0f8\">YouTube\u00ae<\/a><br \/>\n<a style=\"color: #ffffff;\" href=\"https:\/\/www.instagram.com\/pla_salut_gramenet\/\" target=\"_blank\" rel=\"noopener\" data-insuit-uuid=\"f82bba6b-dc9a-4033-9fe9-9c44fe0c6a34\">Instagram\u00ae<\/a><\/p>\n<p>[\/et_pb_text][\/et_pb_column][et_pb_column type=\u00bb1_3&#8243; _builder_version=\u00bb4.24.2&#8243; _module_preset=\u00bbdefault\u00bb global_colors_info=\u00bb{}\u00bb theme_builder_area=\u00bbpost_content\u00bb][et_pb_text admin_label=\u00bbTexto adre\u00e7a Ajuntament\u00bb _builder_version=\u00bb4.24.2&#8243; _module_preset=\u00bbdefault\u00bb global_colors_info=\u00bb{}\u00bb theme_builder_area=\u00bbpost_content\u00bb]<\/p>\n<p style=\"color: #ffffff; text-align: right;\">Ajuntament de Santa Coloma de Gramenet<br \/>Pla\u00e7a de la Vila, 1 &#8211; 08921 Santa Coloma de Gramenet &#8211; Barcelona<br \/>Tel.: 93 462 40 00<br \/>NIF: P0824500C<\/p>\n<p>[\/et_pb_text][\/et_pb_column][\/et_pb_row][\/et_pb_section]<\/p>\n","protected":false},"excerpt":{"rendered":"<p>&nbsp; Si pensamos que tenemos un problema con el alcohol u otras drogas, lo primero que tendremos que decidir es qu\u00e9 es lo que queremos: Cambiar la manera de consumir de manera que no nos haga da\u00f1o o nos lo haga menos. Dejar totalmente las drogas. La primera opci\u00f3n puede concretarse de diferentes maneras: Reducir [&hellip;]<\/p>\n","protected":false},"author":1,"featured_media":0,"parent":1114,"menu_order":2,"comment_status":"closed","ping_status":"closed","template":"page-template-blank.php","meta":{"_et_pb_use_builder":"on","_et_pb_old_content":"<p><img class=\"size-full wp-image-532 aligncenter\" src=\"http:\/\/salutmental.info\/wp-content\/uploads\/2016\/11\/habitacio.jpg\" alt=\"habitacio\" width=\"800\" height=\"409\" \/><\/p><p>Potser una persona propera a nosaltres comen\u00e7a a tenir problemes de salut mental. Els factors que ho desencadenin poden ser de molts tipus: des d\u2019alguna causa org\u00e0nica a dificultats amb la feina, la parella o la fam\u00edlia, no poder arribar a final de m\u00e9s, un consum problem\u00e0tic d\u2019alcohol o altres drogues, traumes del passat que tornen a sortir...<\/p><p>Podem observar-se canvis en el seu estat d\u2019\u00e0nim i veiem que alguna cosa passa i no pot portar una vida normal. O potser ens diu que t\u00e9 por perqu\u00e8 sent veus, que alguna persona vol fer-li mal quan sabem que no \u00e9s real, es tanca a casa sense sortir...<\/p><p>En aquestes situacions, les persones que som a prop sovint no sabem qu\u00e8 li est\u00e0 passant o no ho entenem. Segur que la situaci\u00f3 ens far\u00e0 por, ens fa sentir inseguretat i se\u2019ns obren mil preguntes sense resposta. Pensem que potser \u00e9s culpa nostra o qu\u00e8 si hagu\u00e9ssim fet no s\u00e9 qu\u00e8 aix\u00f2 no hagu\u00e9s passat.<\/p><p>Abans que no fer res hem d\u2019informar-nos i preparar-nos perqu\u00e8 amb la millor intenci\u00f3 del m\u00f3n, dep\u00e8n de qu\u00e8 fem no estarem ajudant.<\/p><p>En aquestes situacions el nostre paper \u2013el de la parella, la fam\u00edlia, l\u2019amiga o l\u2019amic \u00edntim\u2013 \u00e9s essencial. I no nom\u00e9s pel suport i acompanyament que li podrem donar, sin\u00f3 perqu\u00e8 l\u2019experi\u00e8ncia viscuda i la proximitat amb la persona afectada poden aportar molta informaci\u00f3 als serveis professionals per cercar el millor tractament possible.<\/p>","_et_gb_content_width":"","footnotes":""},"class_list":["post-903","page","type-page","status-publish","hentry"],"_links":{"self":[{"href":"https:\/\/salutmental.info\/es\/wp-json\/wp\/v2\/pages\/903","targetHints":{"allow":["GET"]}}],"collection":[{"href":"https:\/\/salutmental.info\/es\/wp-json\/wp\/v2\/pages"}],"about":[{"href":"https:\/\/salutmental.info\/es\/wp-json\/wp\/v2\/types\/page"}],"author":[{"embeddable":true,"href":"https:\/\/salutmental.info\/es\/wp-json\/wp\/v2\/users\/1"}],"replies":[{"embeddable":true,"href":"https:\/\/salutmental.info\/es\/wp-json\/wp\/v2\/comments?post=903"}],"version-history":[{"count":4,"href":"https:\/\/salutmental.info\/es\/wp-json\/wp\/v2\/pages\/903\/revisions"}],"predecessor-version":[{"id":6737,"href":"https:\/\/salutmental.info\/es\/wp-json\/wp\/v2\/pages\/903\/revisions\/6737"}],"up":[{"embeddable":true,"href":"https:\/\/salutmental.info\/es\/wp-json\/wp\/v2\/pages\/1114"}],"wp:attachment":[{"href":"https:\/\/salutmental.info\/es\/wp-json\/wp\/v2\/media?parent=903"}],"curies":[{"name":"wp","href":"https:\/\/api.w.org\/{rel}","templated":true}]}}