{"id":885,"date":"2017-01-17T09:25:10","date_gmt":"2017-01-17T08:25:10","guid":{"rendered":"http:\/\/salutmental.info\/?page_id=885\/"},"modified":"2024-03-14T10:40:06","modified_gmt":"2024-03-14T09:40:06","slug":"tractament-per-altres-addiccions","status":"publish","type":"page","link":"https:\/\/salutmental.info\/es\/tractament\/tractament-per-altres-addiccions\/","title":{"rendered":"Tratamiento por otras adicciones"},"content":{"rendered":"<p>[et_pb_section fb_built=\u00bb1&#8243; fullwidth=\u00bbon\u00bb custom_padding_last_edited=\u00bbon|desktop\u00bb admin_label=\u00bbSecci\u00f3 men\u00fa CASTELL\u00c0\u00bb _builder_version=\u00bb4.24.2&#8243; background_color=\u00bb#d7282e\u00bb custom_padding_tablet=\u00bb50px|0|50px|0&#8243; custom_padding_phone=\u00bb\u00bb transparent_background=\u00bboff\u00bb padding_mobile=\u00bboff\u00bb global_colors_info=\u00bb{}\u00bb theme_builder_area=\u00bbpost_content\u00bb][et_pb_fullwidth_menu menu_id=\u00bb11&#8243; submenu_direction=\u00bbdownwards\u00bb fullwidth_menu=\u00bboff\u00bb logo=\u00bbhttps:\/\/salutmental.info\/wp-content\/uploads\/2024\/02\/logo_aj_negatiu-200.png\u00bb admin_label=\u00bbMen\u00fa CASTELL\u00c0\u00bb _builder_version=\u00bb4.24.2&#8243; background_color=\u00bb#d7282e\u00bb text_orientation=\u00bbright\u00bb background_layout=\u00bbdark\u00bb global_colors_info=\u00bb{}\u00bb theme_builder_area=\u00bbpost_content\u00bb]&nbsp;<br \/>\n[\/et_pb_fullwidth_menu][\/et_pb_section][et_pb_section fb_built=\u00bb1&#8243; admin_label=\u00bbsection\u00bb _builder_version=\u00bb4.16&#8243; global_colors_info=\u00bb{}\u00bb][et_pb_row admin_label=\u00bbrow\u00bb _builder_version=\u00bb4.16&#8243; background_size=\u00bbinitial\u00bb background_position=\u00bbtop_left\u00bb background_repeat=\u00bbrepeat\u00bb global_colors_info=\u00bb{}\u00bb column_structure=\u00bb1_2,1_2&#8243;][et_pb_column type=\u00bb1_2&#8243; _builder_version=\u00bb4.16&#8243; custom_padding=\u00bb|||\u00bb global_colors_info=\u00bb{}\u00bb custom_padding__hover=\u00bb|||\u00bb][et_pb_post_title meta=\u00bboff\u00bb featured_image=\u00bboff\u00bb admin_label=\u00bbT\u00edtulo de publicaci\u00f3n\u00bb _builder_version=\u00bb4.16&#8243; title_all_caps=\u00bboff\u00bb background_color=\u00bbrgba(255,255,255,0)\u00bb parallax=\u00bbon\u00bb parallax_method=\u00bboff\u00bb parallax_effect=\u00bbon\u00bb module_bg_color=\u00bbrgba(255,255,255,0)\u00bb use_border_color=\u00bboff\u00bb border_color=\u00bb#ffffff\u00bb border_style=\u00bbsolid\u00bb global_colors_info=\u00bb{}\u00bb] [\/et_pb_post_title][\/et_pb_column][et_pb_column type=\u00bb1_2&#8243; _builder_version=\u00bb4.16&#8243; custom_padding=\u00bb|||\u00bb global_colors_info=\u00bb{}\u00bb custom_padding__hover=\u00bb|||\u00bb][\/et_pb_column][\/et_pb_row][et_pb_row admin_label=\u00bbFila\u00bb _builder_version=\u00bb4.16&#8243; background_size=\u00bbinitial\u00bb background_position=\u00bbtop_left\u00bb background_repeat=\u00bbrepeat\u00bb global_colors_info=\u00bb{}\u00bb column_structure=\u00bb1_3,2_3&#8243;][et_pb_column type=\u00bb1_3&#8243; _builder_version=\u00bb4.16&#8243; custom_padding=\u00bb|||\u00bb global_colors_info=\u00bb{}\u00bb custom_padding__hover=\u00bb|||\u00bb][et_pb_image src=\u00bbhttps:\/\/salutmental.info\/wp-content\/uploads\/2016\/11\/OBFD9I0.jpg\u00bb align_tablet=\u00bbcenter\u00bb align_last_edited=\u00bbon|desktop\u00bb admin_label=\u00bbImagen\u00bb _builder_version=\u00bb4.16&#8243; animation_style=\u00bbslide\u00bb animation_direction=\u00bbleft\u00bb animation_duration=\u00bb500ms\u00bb animation_intensity_slide=\u00bb10%\u00bb use_border_color=\u00bboff\u00bb border_color=\u00bb#ffffff\u00bb border_style=\u00bbsolid\u00bb animation=\u00bbleft\u00bb sticky=\u00bboff\u00bb always_center_on_mobile=\u00bbon\u00bb global_colors_info=\u00bb{}\u00bb align_phone=\u00bbcenter\u00bb] [\/et_pb_image][\/et_pb_column][et_pb_column type=\u00bb2_3&#8243; _builder_version=\u00bb4.16&#8243; custom_padding=\u00bb|||\u00bb global_colors_info=\u00bb{}\u00bb custom_padding__hover=\u00bb|||\u00bb][et_pb_text admin_label=\u00bbTexto\u00bb _builder_version=\u00bb4.16&#8243; background_size=\u00bbinitial\u00bb background_position=\u00bbtop_left\u00bb background_repeat=\u00bbrepeat\u00bb text_orientation=\u00bbleft\u00bb use_border_color=\u00bboff\u00bb border_color=\u00bb#ffffff\u00bb border_style=\u00bbsolid\u00bb global_colors_info=\u00bb{}\u00bb]Las personas tenemos tendencia a repetir cualquier conducta que nos da placer. Si nos gusta comer, practicar sexo, trabajar, hacer deporte, relacionarnos o jugar por internet&#8230; es posible que tengamos tendencia a hacerlo a menudo. Pero y especialmente cuando tenemos problemas, aquel comportamiento puede pasar a ser necesario en un primer momento e, incluso, <strong>acabar siendo protagonista en nuestra vida <\/strong>.<\/p>\n<p>Lo que antes parec\u00eda una decisi\u00f3n pasa entonces a ser m\u00e1s una obsesi\u00f3n. Y m\u00e1s que dar placer es como si no fu\u00e9ramos capaces de renunciar a hacerlo, a pesar de ser conscientes de los problemas que nos est\u00e1 causando. Es f\u00e1cil en este momento <strong> entrar en una espiral que no parece tener salida<\/strong>: como estoy mal lo hago (comer demasiado o demasiado poco, estar conectada hasta la madrugada, no parar de comprar cosas innecesarias&#8230;) y como lo hago estoy mal, o las personas de mi alrededor se distancian de m\u00ed porque lo hago, y lo hago porque cada vez me siento m\u00e1s sola o solo.<\/p>\n<p>Se llaman <strong>socioadicciones o adicciones no qu\u00edmicas<\/strong> todas aquellas que no se explican por el potencial adictivo org\u00e1nico de una sustancia (como es el caso de las drogas) sino por c\u00f3mo nos relacionamos con ellas. Sin embargo, se sabe que ciertas conductas tambi\u00e9n movilizan neurotransmisores de nuestro cerebro y sistemas de recompensa (como es el caso del deporte, del sexo y el amor, u otros).<\/p>\n<p><strong> Dejar una adici\u00f3n conlleva hacer dos trabajos <\/strong> simult\u00e1neamente:<\/p>\n<ul>\n<li><strong> Aprender a funcionar con normalidad <\/strong>sin aquella conducta a que hac\u00edamos tan a menudo.<\/li>\n<li><strong> Resolver los problemas<\/strong> que nos han llevado a esa adicci\u00f3n.<\/li>\n<\/ul>\n<p>Para cada adici\u00f3n hay pautas diferentes que hacer el trabajo de deshabituaci\u00f3n y de autocontrol, pero tambi\u00e9n paralelamente es necesario que cada persona haga un proceso personal. Muy a menudo personas que han dejado las drogas se han enganchado a sectas justamente por no haber hecho esto \u00faltimo.<\/p>\n<p>Para abandonar socioadicciones -cuando no hemos podido por nuestro cuenta- nos puede ir bien <strong> plante\u00e1rselo a nuestra m\u00e9dica o m\u00e9dico de familia<\/strong>. Valorar\u00e1 si necesitamos la ayuda de alg\u00fan\/a profesional de la salud mental o no, si nos hace falta ir a un servicio de atenci\u00f3n espec\u00edfico o si nos convendr\u00eda alg\u00fan espacio de terapia grupal con personas que tienen un problema parecido al nuestro.<br \/>\n[\/et_pb_text][\/et_pb_column][\/et_pb_row][\/et_pb_section][et_pb_section fb_built=\u00bb1&#8243; admin_label=\u00bbSecci\u00f3 PIE P\u00c1GINA castellano\u00bb _builder_version=\u00bb4.24.2&#8243; _module_preset=\u00bbdefault\u00bb background_color=\u00bb#000000&#8243; global_colors_info=\u00bb{}\u00bb theme_builder_area=\u00bbpost_content\u00bb][et_pb_row column_structure=\u00bb1_3,1_3,1_3&#8243; _builder_version=\u00bb4.24.2&#8243; _module_preset=\u00bbdefault\u00bb global_colors_info=\u00bb{}\u00bb theme_builder_area=\u00bbpost_content\u00bb][et_pb_column type=\u00bb1_3&#8243; _builder_version=\u00bb4.24.2&#8243; _module_preset=\u00bbdefault\u00bb global_colors_info=\u00bb{}\u00bb theme_builder_area=\u00bbpost_content\u00bb][et_pb_text _builder_version=\u00bb4.24.2&#8243; _module_preset=\u00bbdefault\u00bb global_colors_info=\u00bb{}\u00bb theme_builder_area=\u00bbpost_content\u00bb]<\/p>\n<div class=\"et_pb_module et_pb_text et_pb_text_8  et_pb_text_align_justified et_pb_bg_layout_light\">\n<div class=\"et_pb_text_inner\">\n<h3 style=\"color: #ffffff;\">Acceso r\u00e1pido<\/h3>\n<p><a style=\"color: #ffffff;\" href=\"https:\/\/salutmental.info\/el-web-i-nosaltres\/contactar\/\">Contacto<\/a><br \/>\n<a style=\"color: #ffffff;\" href=\"https:\/\/www.gramenet.cat\/seu-electronica\/informacio-sobre-la-seu\/avis-legal\/\" target=\"_blank\" rel=\"noopener\" data-insuit-uuid=\"353acac9-b95d-41db-890e-0fe22e36e2f4\">Aviso legal<\/a><br \/>\n<a style=\"color: #ffffff;\" title=\"Protecci\u00f3 de dades\" href=\"https:\/\/www.gramenet.cat\/seu-electronica\/proteccio-de-dades\/\" target=\"_blank\" rel=\"noopener\" data-insuit-uuid=\"f42a28cb-669d-4f92-abed-89a78fb31d26\">Pol\u00edtica de protecci\u00f3n de datos<\/a><br \/>\n<a style=\"color: #ffffff;\" href=\"https:\/\/www.gramenet.cat\/seu-electronica\/accessibilitat\/\" data-insuit-uuid=\"d825170a-0959-415e-bc12-d7ce6a9bb8a2\">Accesibilidad<\/a><\/p>\n<\/div>\n<\/div>\n<div class=\"et_pb_module et_pb_text et_pb_text_9  et_pb_text_align_justified et_pb_bg_layout_light\">\n<div class=\"et_pb_text_inner\"><a style=\"color: #ffffff;\" href=\"https:\/\/salutmental.info\/\">Catal\u00e0<\/a>\u00a0<a tyle=\"color: red\"  href=\"https:\/\/salutmental.info\/es\/\">Castellano<\/a><\/div>\n<\/div>\n<p>[\/et_pb_text][\/et_pb_column][et_pb_column type=\u00bb1_3&#8243; _builder_version=\u00bb4.24.2&#8243; _module_preset=\u00bbdefault\u00bb global_colors_info=\u00bb{}\u00bb theme_builder_area=\u00bbpost_content\u00bb][et_pb_text admin_label=\u00bbTexto e-Redes sociales\u00bb _builder_version=\u00bb4.24.2&#8243; _module_preset=\u00bbdefault\u00bb global_colors_info=\u00bb{}\u00bb theme_builder_area=\u00bbpost_content\u00bb]<\/p>\n<h3 style=\"color: #ffffff;\">e-Redes sociales<\/h3>\n<p><a style=\"color: #ffffff;\" title=\"@scgramenet\" href=\"http:\/\/twitter.com\/scgramenet\" target=\"_blank\" rel=\"noopener\" data-insuit-uuid=\"b3e0d28b-dc44-4f86-8346-4e0365352a49\">Twitter\u00ae<\/a><br \/>\n<a style=\"color: #ffffff;\" title=\"Pasi\u00f3n por Santako\" href=\"https:\/\/www.facebook.com\/PasionPorSantako\/\" target=\"_blank\" rel=\"noopener\" data-insuit-uuid=\"d7d32cfb-104d-49e1-ae1d-661bf056d52f\">Facebook\u00ae<\/a><br \/>\n<a style=\"color: #ffffff;\" href=\"http:\/\/www.slideshare.net\/scgramenet\" target=\"_blank\" rel=\"noopener\" data-insuit-uuid=\"bddc3bcb-dbbc-4022-91ad-8426d5697366\">SlideShare\u00ae<\/a><br \/>\n<a style=\"color: #ffffff;\" href=\"https:\/\/www.youtube.com\/channel\/UC07JH7VJ6nw9OBnxScovrCA\" target=\"_blank\" rel=\"noopener\" data-insuit-uuid=\"77d03fce-5840-489b-9fcd-25a0abf9b0f8\">YouTube\u00ae<\/a><br \/>\n<a style=\"color: #ffffff;\" href=\"https:\/\/www.instagram.com\/pla_salut_gramenet\/\" target=\"_blank\" rel=\"noopener\" data-insuit-uuid=\"f82bba6b-dc9a-4033-9fe9-9c44fe0c6a34\">Instagram\u00ae<\/a><\/p>\n<p>[\/et_pb_text][\/et_pb_column][et_pb_column type=\u00bb1_3&#8243; _builder_version=\u00bb4.24.2&#8243; _module_preset=\u00bbdefault\u00bb global_colors_info=\u00bb{}\u00bb theme_builder_area=\u00bbpost_content\u00bb][et_pb_text admin_label=\u00bbTexto adre\u00e7a Ajuntament\u00bb _builder_version=\u00bb4.24.2&#8243; _module_preset=\u00bbdefault\u00bb global_colors_info=\u00bb{}\u00bb theme_builder_area=\u00bbpost_content\u00bb]<\/p>\n<p style=\"color: #ffffff; text-align: right;\">Ajuntament de Santa Coloma de Gramenet<br \/>Pla\u00e7a de la Vila, 1 &#8211; 08921 Santa Coloma de Gramenet &#8211; Barcelona<br \/>Tel.: 93 462 40 00<br \/>NIF: P0824500C<\/p>\n<p>[\/et_pb_text][\/et_pb_column][\/et_pb_row][\/et_pb_section]<\/p>\n","protected":false},"excerpt":{"rendered":"<p>&nbsp; Las personas tenemos tendencia a repetir cualquier conducta que nos da placer. Si nos gusta comer, practicar sexo, trabajar, hacer deporte, relacionarnos o jugar por internet&#8230; es posible que tengamos tendencia a hacerlo a menudo. Pero y especialmente cuando tenemos problemas, aquel comportamiento puede pasar a ser necesario en un primer momento e, incluso, [&hellip;]<\/p>\n","protected":false},"author":1,"featured_media":0,"parent":1114,"menu_order":2,"comment_status":"closed","ping_status":"closed","template":"page-template-blank.php","meta":{"_et_pb_use_builder":"on","_et_pb_old_content":"","_et_gb_content_width":"","footnotes":""},"class_list":["post-885","page","type-page","status-publish","hentry"],"_links":{"self":[{"href":"https:\/\/salutmental.info\/es\/wp-json\/wp\/v2\/pages\/885","targetHints":{"allow":["GET"]}}],"collection":[{"href":"https:\/\/salutmental.info\/es\/wp-json\/wp\/v2\/pages"}],"about":[{"href":"https:\/\/salutmental.info\/es\/wp-json\/wp\/v2\/types\/page"}],"author":[{"embeddable":true,"href":"https:\/\/salutmental.info\/es\/wp-json\/wp\/v2\/users\/1"}],"replies":[{"embeddable":true,"href":"https:\/\/salutmental.info\/es\/wp-json\/wp\/v2\/comments?post=885"}],"version-history":[{"count":4,"href":"https:\/\/salutmental.info\/es\/wp-json\/wp\/v2\/pages\/885\/revisions"}],"predecessor-version":[{"id":6738,"href":"https:\/\/salutmental.info\/es\/wp-json\/wp\/v2\/pages\/885\/revisions\/6738"}],"up":[{"embeddable":true,"href":"https:\/\/salutmental.info\/es\/wp-json\/wp\/v2\/pages\/1114"}],"wp:attachment":[{"href":"https:\/\/salutmental.info\/es\/wp-json\/wp\/v2\/media?parent=885"}],"curies":[{"name":"wp","href":"https:\/\/api.w.org\/{rel}","templated":true}]}}