{"id":823,"date":"2017-01-11T16:18:21","date_gmt":"2017-01-11T15:18:21","guid":{"rendered":"http:\/\/salutmental.info\/?page_id=823\/"},"modified":"2024-03-13T14:56:48","modified_gmt":"2024-03-13T13:56:48","slug":"addiccio-al-joc","status":"publish","type":"page","link":"https:\/\/salutmental.info\/es\/addiccions\/addiccio-al-joc\/","title":{"rendered":"Adicci\u00f3n al juego"},"content":{"rendered":"<p>[et_pb_section fb_built=\u00bb1&#8243; fullwidth=\u00bbon\u00bb custom_padding_last_edited=\u00bbon|desktop\u00bb admin_label=\u00bbSecci\u00f3 men\u00fa CASTELL\u00c0\u00bb _builder_version=\u00bb4.24.2&#8243; background_color=\u00bb#d7282e\u00bb custom_padding_tablet=\u00bb50px|0|50px|0&#8243; custom_padding_phone=\u00bb\u00bb transparent_background=\u00bboff\u00bb padding_mobile=\u00bboff\u00bb global_colors_info=\u00bb{}\u00bb][et_pb_fullwidth_menu menu_id=\u00bb11&#8243; submenu_direction=\u00bbdownwards\u00bb fullwidth_menu=\u00bboff\u00bb logo=\u00bbhttps:\/\/salutmental.info\/wp-content\/uploads\/2024\/02\/logo_aj_negatiu-200.png\u00bb admin_label=\u00bbMen\u00fa CASTELL\u00c0\u00bb _builder_version=\u00bb4.24.2&#8243; background_color=\u00bb#d7282e\u00bb text_orientation=\u00bbright\u00bb background_layout=\u00bbdark\u00bb global_colors_info=\u00bb{}\u00bb]&nbsp;<br \/>\n[\/et_pb_fullwidth_menu][\/et_pb_section][et_pb_section fb_built=\u00bb1&#8243; custom_padding_last_edited=\u00bbon|desktop\u00bb admin_label=\u00bbsection\u00bb _builder_version=\u00bb4.16&#8243; background_color=\u00bb#0c71c3&#8243; custom_padding_tablet=\u00bb50px|0|50px|0&#8243; custom_padding_phone=\u00bb50px|0|50px|0&#8243; transparent_background=\u00bboff\u00bb padding_mobile=\u00bboff\u00bb make_fullwidth=\u00bboff\u00bb use_custom_width=\u00bboff\u00bb width_unit=\u00bbon\u00bb global_colors_info=\u00bb{}\u00bb][et_pb_row admin_label=\u00bbFila\u00bb _builder_version=\u00bb4.16&#8243; background_size=\u00bbinitial\u00bb background_position=\u00bbtop_left\u00bb background_repeat=\u00bbrepeat\u00bb global_colors_info=\u00bb{}\u00bb][et_pb_column type=\u00bb4_4&#8243; _builder_version=\u00bb4.16&#8243; custom_padding=\u00bb|||\u00bb global_colors_info=\u00bb{}\u00bb custom_padding__hover=\u00bb|||\u00bb][et_pb_post_title meta=\u00bboff\u00bb featured_image=\u00bboff\u00bb text_color=\u00bblight\u00bb admin_label=\u00bbT\u00edtulo de publicaci\u00f3n\u00bb _builder_version=\u00bb4.16&#8243; title_all_caps=\u00bboff\u00bb background_color=\u00bbrgba(255,255,255,0)\u00bb parallax=\u00bbon\u00bb parallax_method=\u00bboff\u00bb parallax_effect=\u00bbon\u00bb module_bg_color=\u00bbrgba(255,255,255,0)\u00bb use_border_color=\u00bboff\u00bb border_color=\u00bb#ffffff\u00bb border_style=\u00bbsolid\u00bb global_colors_info=\u00bb{}\u00bb] [\/et_pb_post_title][\/et_pb_column][\/et_pb_row][et_pb_row column_structure=\u00bb1_2,1_2&#8243; admin_label=\u00bbrow\u00bb _builder_version=\u00bb4.16&#8243; background_size=\u00bbinitial\u00bb background_position=\u00bbtop_left\u00bb background_repeat=\u00bbrepeat\u00bb global_colors_info=\u00bb{}\u00bb][et_pb_column type=\u00bb1_2&#8243; _builder_version=\u00bb4.16&#8243; custom_padding=\u00bb|||\u00bb global_colors_info=\u00bb{}\u00bb custom_padding__hover=\u00bb|||\u00bb][et_pb_accordion admin_label=\u00bbAcorde\u00f3n\u00bb _builder_version=\u00bb4.16&#8243; use_border_color=\u00bboff\u00bb border_color=\u00bb#ffffff\u00bb border_style=\u00bbsolid\u00bb global_colors_info=\u00bb{}\u00bb][et_pb_accordion_item title=\u00bbQU\u00c9 ES\u00bb open=\u00bbon\u00bb _builder_version=\u00bb4.16&#8243; global_colors_info=\u00bb{}\u00bb]<span id=\"result_box\" class=\"\" lang=\"es\">El juego patol\u00f3gico o ludopat\u00eda tiene su origen en el lat\u00edn <em>ludus<\/em> sin\u00f3nimo de \u00abjuego\u00bb y <em>patia <\/em>que se puede traducir en \u00abenfermedad\u00bb.<\/span><\/p>\n<p>Es un problema de salud caracterizado por la p\u00e9rdida de control sobre el juego. El pensamiento gira en torno al juego de forma incontrolada y se convierte en una necesidad que lleva a jugar y a apostar de forma persistente y progresiva, con graves consecuencias para la persona y su entorno.<\/p>\n<p>Los juegos a los que est\u00e1 asociada esta adicci\u00f3n son los de azar, las loter\u00edas, los de casino, el bingo<span class=\"\">, la bolsa,<\/span> las apuestas deportivas, las m\u00e1quinas recreativas con premio, el juegos por Internet, las partidas de cartas con apuesta de dinero&#8230; Cada vez que <span class=\"\">se apuestan<\/span> dinero o algo de valor sin conocer los resultados, se toma parte en un juego <span class=\"\">de azar.<\/span><br \/>\n[\/et_pb_accordion_item][et_pb_accordion_item title=\u00bbCOMO ME PUEDO SENTIR\u00bb _builder_version=\u00bb4.16&#8243; global_colors_info=\u00bb{}\u00bb open=\u00bboff\u00bb]Los s\u00edntomas principales son: pensamientos recurrentes sobre el juego, p\u00e9rdida de autocontrol con el dinero, irritabilidad y ansiedad cuando se intenta dejar o reconducirlo, y utilizaci\u00f3n del juego como mecanismo de evasi\u00f3n:<\/p>\n<ul>\n<li>No se juega porque gusta ni para disfrutar; sino porque se siente malestar y ansiedad si lo reduce (s\u00edndrome de abstinencia).<\/li>\n<li>No se sabe controlarse, jugando m\u00e1s dinero de lo que se quiere, con el malestar posterior que conlleva (falta de autocontrol).<\/li>\n<li>Como se sufren claramente los problemas de jugar, la persona se siente culpable, tiene ansiedad y busca el refugio en el juego.<\/li>\n<\/ul>\n<p>[\/et_pb_accordion_item][et_pb_accordion_item title=\u00bbQU\u00c9 PUEDO HACER\u00bb _builder_version=\u00bb4.16&#8243; global_colors_info=\u00bb{}\u00bb open=\u00bboff\u00bb]Para resolver y superar un problema con los juegos de azar, hay que tener una voluntad firme de cambiar el comportamiento. Son elecciones sanas:<\/p>\n<ul>\n<li>Afrontar las emociones propias (llamando a un amigo o a una amiga, hablando de ello&#8230;).<\/li>\n<li>Encontrar alguna otra cosa que hacer.<\/li>\n<li>Parar las p\u00e9rdidas (volviendo a casa y explic\u00e1ndoselo a alguna persona).<\/li>\n<li>Hacer algo para solucionarlo: buscar ayuda.<\/li>\n<\/ul>\n<p>[\/et_pb_accordion_item][\/et_pb_accordion][\/et_pb_column][et_pb_column type=\u00bb1_2&#8243; _builder_version=\u00bb4.16&#8243; custom_padding=\u00bb|||\u00bb global_colors_info=\u00bb{}\u00bb custom_padding__hover=\u00bb|||\u00bb][et_pb_accordion admin_label=\u00bbAcorde\u00f3n\u00bb _builder_version=\u00bb4.16&#8243; use_border_color=\u00bboff\u00bb border_color=\u00bb#ffffff\u00bb border_style=\u00bbsolid\u00bb global_colors_info=\u00bb{}\u00bb][et_pb_accordion_item title=\u00bbC\u00d3MO SE PRESENTA\u00bb open=\u00bbon\u00bb _builder_version=\u00bb4.16&#8243; global_colors_info=\u00bb{}\u00bb] Puede afectar a cualquier persona, al margen de su edad o situaci\u00f3n socioecon\u00f3mica. El aumento del tiempo de juego y del dinero gastado, la preocupaci\u00f3n por recuperarlos, minimizar la importancia de las p\u00e9rdidas, o las mentiras son algunos de los signos de esta patolog\u00eda. Tambi\u00e9n se puede llegar a actos ilegales, correr muchos riesgos, o la p\u00e9rdida de relaciones interpersonales significativas, trabajo u oportunidades educativas o profesionales. [\/et_pb_accordion_item][et_pb_accordion_item title=\u00bbTRATAMIENTO\u00bb _builder_version=\u00bb4.16&#8243; global_colors_info=\u00bb{}\u00bb open=\u00bboff\u00bb]Hay diferentes alternativas:<\/p>\n<ul>\n<li>Grupos de ayuda mutua (se toma conciencia de la propia adici\u00f3n, se recibe apoyo y se aprenden estrategias de manejo de la situaci\u00f3n).<\/li>\n<li>Terapia cognitivo-conductual (para identificar los factores que llevan al juego y a ese estado de \u00e1nimo, aprender competencias para resolver problemas, y reforzar intereses personales y evitar reca\u00eddas).<\/li>\n<li>Tratamiento farmacol\u00f3gico.<\/li>\n<\/ul>\n<p>[\/et_pb_accordion_item][et_pb_accordion_item title=\u00bbC\u00d3MO PEDIR AYUDA\u00bb _builder_version=\u00bb4.16&#8243; global_colors_info=\u00bb{}\u00bb open=\u00bboff\u00bb]Se puede pedir a:<\/p>\n<ul>\n<li>M\u00e9dico o m\u00e9dica de familia, o en el centro de salud mental. Desde all\u00ed se puede valorar derivar a una unidad o programa especializado en juego patol\u00f3gico.<\/li>\n<li>Centro de atenci\u00f3n a las adicciones.<\/li>\n<li>061 (CatSalut responde); l\u00ednea de <a href=\"http:\/\/jocpatologic.gencat.cat\/ca\/ciutadans\/5_on_puc_trobar_mes_ajuda\/linia_d_ajuda_telefonica_les_24_hores_del_dia\/\">ayuda telef\u00f3nica 24 h \/ 7 d\u00edas semana. <\/a><\/li>\n<li>Asociaci\u00f3n Jugadores an\u00f3nimos; grupo de personas que comparten la experiencia y el deseo de resolver su problema com\u00fan y ayudar a otras a recuperarse. M\u00e1s informaci\u00f3n en <a href=\"http:\/\/www.jugadoresanonimos.org\"> http:\/\/www.jugadoresanonimos.org <\/a>.Tambi\u00e9n se puede cursar una autoexclusi\u00f3n a espacios de juego, inscribi\u00e9ndose en el registro de personas que tienen prohibido el acceso a salas de juego, casinos y bingos. A partir del primer d\u00eda h\u00e1bil siguiente a su inscripci\u00f3n en el Registro, no podr\u00e1n acceder a los establecimientos de juego citados. Las solicitudes pueden ser reforzadas por terceras personas mayores de edad, que la persona solicitante designa y que deben suscribir conjuntamente la solicitud. Las autoprohibiciones pueden ser indefinidas y tienen una duraci\u00f3n m\u00ednima de entre uno y cinco a\u00f1os. Una vez transcurrido el per\u00edodo m\u00ednimo, la autoprohibici\u00f3n se puede cancelar a solicitud de las personas firmantes.<\/li>\n<\/ul>\n<p>[\/et_pb_accordion_item][\/et_pb_accordion][\/et_pb_column][\/et_pb_row][\/et_pb_section][et_pb_section fb_built=\u00bb1&#8243; admin_label=\u00bbSecci\u00f3 PIE P\u00c1GINA castellano\u00bb _builder_version=\u00bb4.24.2&#8243; _module_preset=\u00bbdefault\u00bb background_color=\u00bb#000000&#8243; global_colors_info=\u00bb{}\u00bb][et_pb_row column_structure=\u00bb1_3,1_3,1_3&#8243; _builder_version=\u00bb4.24.2&#8243; _module_preset=\u00bbdefault\u00bb global_colors_info=\u00bb{}\u00bb][et_pb_column type=\u00bb1_3&#8243; _builder_version=\u00bb4.24.2&#8243; _module_preset=\u00bbdefault\u00bb global_colors_info=\u00bb{}\u00bb][et_pb_text _builder_version=\u00bb4.24.2&#8243; _module_preset=\u00bbdefault\u00bb global_colors_info=\u00bb{}\u00bb]<\/p>\n<div class=\"et_pb_module et_pb_text et_pb_text_8  et_pb_text_align_justified et_pb_bg_layout_light\">\n<div class=\"et_pb_text_inner\">\n<h3 style=\"color: #ffffff;\">Acceso r\u00e1pido<\/h3>\n<p><a style=\"color: #ffffff;\" href=\"https:\/\/salutmental.info\/el-web-i-nosaltres\/contactar\/\">Contacto<\/a><br \/>\n<a style=\"color: #ffffff;\" href=\"https:\/\/www.gramenet.cat\/seu-electronica\/informacio-sobre-la-seu\/avis-legal\/\" target=\"_blank\" rel=\"noopener\" data-insuit-uuid=\"353acac9-b95d-41db-890e-0fe22e36e2f4\">Aviso legal<\/a><br \/>\n<a style=\"color: #ffffff;\" title=\"Protecci\u00f3 de dades\" href=\"https:\/\/www.gramenet.cat\/seu-electronica\/proteccio-de-dades\/\" target=\"_blank\" rel=\"noopener\" data-insuit-uuid=\"f42a28cb-669d-4f92-abed-89a78fb31d26\">Pol\u00edtica de protecci\u00f3n de datos<\/a><br \/>\n<a style=\"color: #ffffff;\" href=\"https:\/\/www.gramenet.cat\/seu-electronica\/accessibilitat\/\" data-insuit-uuid=\"d825170a-0959-415e-bc12-d7ce6a9bb8a2\">Accesibilidad<\/a><\/p>\n<\/div>\n<\/div>\n<div class=\"et_pb_module et_pb_text et_pb_text_9  et_pb_text_align_justified et_pb_bg_layout_light\">\n<div class=\"et_pb_text_inner\"><a style=\"color: #ffffff;\" href=\"https:\/\/salutmental.info\/\">Catal\u00e0<\/a>\u00a0<a tyle=\"color: red\"  href=\"https:\/\/salutmental.info\/es\/\">Castellano<\/a><\/div>\n<\/div>\n<p>[\/et_pb_text][\/et_pb_column][et_pb_column type=\u00bb1_3&#8243; _builder_version=\u00bb4.24.2&#8243; _module_preset=\u00bbdefault\u00bb global_colors_info=\u00bb{}\u00bb][et_pb_text admin_label=\u00bbTexto e-Redes sociales\u00bb _builder_version=\u00bb4.24.2&#8243; _module_preset=\u00bbdefault\u00bb global_colors_info=\u00bb{}\u00bb]<\/p>\n<h3 style=\"color: #ffffff;\">e-Redes sociales<\/h3>\n<p><a style=\"color: #ffffff;\" title=\"@scgramenet\" href=\"http:\/\/twitter.com\/scgramenet\" target=\"_blank\" rel=\"noopener\" data-insuit-uuid=\"b3e0d28b-dc44-4f86-8346-4e0365352a49\">Twitter\u00ae<\/a><br \/>\n<a style=\"color: #ffffff;\" title=\"Pasi\u00f3n por Santako\" href=\"https:\/\/www.facebook.com\/PasionPorSantako\/\" target=\"_blank\" rel=\"noopener\" data-insuit-uuid=\"d7d32cfb-104d-49e1-ae1d-661bf056d52f\">Facebook\u00ae<\/a><br \/>\n<a style=\"color: #ffffff;\" href=\"http:\/\/www.slideshare.net\/scgramenet\" target=\"_blank\" rel=\"noopener\" data-insuit-uuid=\"bddc3bcb-dbbc-4022-91ad-8426d5697366\">SlideShare\u00ae<\/a><br \/>\n<a style=\"color: #ffffff;\" href=\"https:\/\/www.youtube.com\/channel\/UC07JH7VJ6nw9OBnxScovrCA\" target=\"_blank\" rel=\"noopener\" data-insuit-uuid=\"77d03fce-5840-489b-9fcd-25a0abf9b0f8\">YouTube\u00ae<\/a><br \/>\n<a style=\"color: #ffffff;\" href=\"https:\/\/www.instagram.com\/pla_salut_gramenet\/\" target=\"_blank\" rel=\"noopener\" data-insuit-uuid=\"f82bba6b-dc9a-4033-9fe9-9c44fe0c6a34\">Instagram\u00ae<\/a><\/p>\n<p>[\/et_pb_text][\/et_pb_column][et_pb_column type=\u00bb1_3&#8243; _builder_version=\u00bb4.24.2&#8243; _module_preset=\u00bbdefault\u00bb global_colors_info=\u00bb{}\u00bb][et_pb_text admin_label=\u00bbTexto adre\u00e7a Ajuntament\u00bb _builder_version=\u00bb4.24.2&#8243; _module_preset=\u00bbdefault\u00bb global_colors_info=\u00bb{}\u00bb]<\/p>\n<p style=\"color: #ffffff; text-align: right;\">Ajuntament de Santa Coloma de Gramenet<br \/>Pla\u00e7a de la Vila, 1 &#8211; 08921 Santa Coloma de Gramenet &#8211; Barcelona<br \/>Tel.: 93 462 40 00<br \/>NIF: P0824500C<\/p>\n<p>[\/et_pb_text][\/et_pb_column][\/et_pb_row][\/et_pb_section]<\/p>\n","protected":false},"excerpt":{"rendered":"<p>&nbsp; El juego patol\u00f3gico o ludopat\u00eda tiene su origen en el lat\u00edn ludus sin\u00f3nimo de \u00abjuego\u00bb y patia que se puede traducir en \u00abenfermedad\u00bb. Es un problema de salud caracterizado por la p\u00e9rdida de control sobre el juego. El pensamiento gira en torno al juego de forma incontrolada y se convierte en una necesidad que [&hellip;]<\/p>\n","protected":false},"author":1,"featured_media":0,"parent":826,"menu_order":18,"comment_status":"closed","ping_status":"closed","template":"page-template-blank.php","meta":{"_et_pb_use_builder":"on","_et_pb_old_content":"","_et_gb_content_width":"","footnotes":""},"class_list":["post-823","page","type-page","status-publish","hentry"],"_links":{"self":[{"href":"https:\/\/salutmental.info\/es\/wp-json\/wp\/v2\/pages\/823","targetHints":{"allow":["GET"]}}],"collection":[{"href":"https:\/\/salutmental.info\/es\/wp-json\/wp\/v2\/pages"}],"about":[{"href":"https:\/\/salutmental.info\/es\/wp-json\/wp\/v2\/types\/page"}],"author":[{"embeddable":true,"href":"https:\/\/salutmental.info\/es\/wp-json\/wp\/v2\/users\/1"}],"replies":[{"embeddable":true,"href":"https:\/\/salutmental.info\/es\/wp-json\/wp\/v2\/comments?post=823"}],"version-history":[{"count":6,"href":"https:\/\/salutmental.info\/es\/wp-json\/wp\/v2\/pages\/823\/revisions"}],"predecessor-version":[{"id":6647,"href":"https:\/\/salutmental.info\/es\/wp-json\/wp\/v2\/pages\/823\/revisions\/6647"}],"up":[{"embeddable":true,"href":"https:\/\/salutmental.info\/es\/wp-json\/wp\/v2\/pages\/826"}],"wp:attachment":[{"href":"https:\/\/salutmental.info\/es\/wp-json\/wp\/v2\/media?parent=823"}],"curies":[{"name":"wp","href":"https:\/\/api.w.org\/{rel}","templated":true}]}}