{"id":5758,"date":"2023-12-05T10:16:26","date_gmt":"2023-12-05T09:16:26","guid":{"rendered":"https:\/\/salutmental.info\/?page_id=5758"},"modified":"2024-03-14T10:21:41","modified_gmt":"2024-03-14T09:21:41","slug":"materiales","status":"publish","type":"page","link":"https:\/\/salutmental.info\/es\/materiales\/","title":{"rendered":"Materiales"},"content":{"rendered":"<p>[et_pb_section fb_built=\u00bb1&#8243; fullwidth=\u00bbon\u00bb custom_padding_last_edited=\u00bbon|desktop\u00bb admin_label=\u00bbSecci\u00f3 men\u00fa CASTELL\u00c0\u00bb _builder_version=\u00bb4.24.2&#8243; background_color=\u00bb#d7282e\u00bb custom_padding_tablet=\u00bb50px|0|50px|0&#8243; custom_padding_phone=\u00bb\u00bb transparent_background=\u00bboff\u00bb padding_mobile=\u00bboff\u00bb global_colors_info=\u00bb{}\u00bb theme_builder_area=\u00bbpost_content\u00bb][et_pb_fullwidth_menu menu_id=\u00bb11&#8243; submenu_direction=\u00bbdownwards\u00bb fullwidth_menu=\u00bboff\u00bb logo=\u00bbhttps:\/\/salutmental.info\/wp-content\/uploads\/2024\/02\/logo_aj_negatiu-200.png\u00bb admin_label=\u00bbMen\u00fa CASTELL\u00c0\u00bb _builder_version=\u00bb4.24.2&#8243; background_color=\u00bb#d7282e\u00bb text_orientation=\u00bbright\u00bb background_layout=\u00bbdark\u00bb global_colors_info=\u00bb{}\u00bb theme_builder_area=\u00bbpost_content\u00bb]&nbsp;<br \/>\n[\/et_pb_fullwidth_menu][\/et_pb_section][et_pb_section fb_built=\u00bb1&#8243; _builder_version=\u00bb4.16&#8243; global_colors_info=\u00bb{}\u00bb][et_pb_row column_structure=\u00bb1_3,1_3,1_3&#8243; _builder_version=\u00bb4.23.1&#8243; _module_preset=\u00bbdefault\u00bb global_colors_info=\u00bb{}\u00bb][et_pb_column type=\u00bb1_3&#8243; _builder_version=\u00bb4.23.1&#8243; _module_preset=\u00bbdefault\u00bb global_colors_info=\u00bb{}\u00bb][et_pb_image src=\u00bbhttps:\/\/salutmental.info\/wp-content\/uploads\/2023\/07\/guia_educativa-1.png\u00bb title_text=\u00bbguia_educativa\u00bb url=\u00bbhttps:\/\/salutmental.info\/wp-content\/uploads\/2023\/07\/Guia_Activitats_educatives_salut_mental_2023_DEF.pdf\u00bb admin_label=\u00bbimg Guia activitats\u00bb _builder_version=\u00bb4.23.1&#8243; _module_preset=\u00bbdefault\u00bb width=\u00bb250px\u00bb global_colors_info=\u00bb{}\u00bb][\/et_pb_image][\/et_pb_column][et_pb_column type=\u00bb1_3&#8243; _builder_version=\u00bb4.23.1&#8243; _module_preset=\u00bbdefault\u00bb global_colors_info=\u00bb{}\u00bb][et_pb_image src=\u00bbhttps:\/\/salutmental.info\/wp-content\/uploads\/2023\/07\/relats.png\u00bb title_text=\u00bbrelats\u00bb url=\u00bbhttps:\/\/salutmental.info\/docs\/Relats_per_la_salut_mental.pdf\u00bb admin_label=\u00bbimg Relats\u00bb _builder_version=\u00bb4.23.1&#8243; _module_preset=\u00bbdefault\u00bb width=\u00bb250px\u00bb global_colors_info=\u00bb{}\u00bb][\/et_pb_image][\/et_pb_column][et_pb_column type=\u00bb1_3&#8243; _builder_version=\u00bb4.23.1&#8243; _module_preset=\u00bbdefault\u00bb global_colors_info=\u00bb{}\u00bb][et_pb_image src=\u00bbhttps:\/\/salutmental.info\/wp-content\/uploads\/2023\/07\/guia_recursos.png\u00bb title_text=\u00bbguia_recursos\u00bb url=\u00bbhttps:\/\/www.gramenet.cat\/fileadmin\/Files\/Ajuntament\/sanitat\/Promocio_Salut\/Guia_SMA_2016.pdf\u00bb admin_label=\u00bbimg Guia recursos\u00bb _builder_version=\u00bb4.23.1&#8243; _module_preset=\u00bbdefault\u00bb width=\u00bb250px\u00bb global_colors_info=\u00bb{}\u00bb][\/et_pb_image][\/et_pb_column][\/et_pb_row][et_pb_row column_structure=\u00bb1_3,1_3,1_3&#8243; _builder_version=\u00bb4.23.1&#8243; _module_preset=\u00bbdefault\u00bb global_colors_info=\u00bb{}\u00bb][et_pb_column type=\u00bb1_3&#8243; _builder_version=\u00bb4.23.1&#8243; _module_preset=\u00bbdefault\u00bb global_colors_info=\u00bb{}\u00bb][et_pb_text _builder_version=\u00bb4.23.1&#8243; _module_preset=\u00bbdefault\u00bb global_colors_info=\u00bb{}\u00bb]<\/p>\n<h2 style=\"text-align: left;\"><span class=\"HwtZe\" jsaction=\"mouseup:Sxi9L,BR6jm; mousedown:qjlr0e\" jsname=\"jqKxS\" lang=\"es\"><span jsaction=\"agoMJf:PFBcW;MZfLnc:P7O7bd;nt4Alf:pvnm0e,pfE8Hb,PFBcW;B01qod:dJXsye;H1e5u:iXtTIf;lYIUJf:hij5Wb;bmeZHc:iURhpf;Oxj3Xe:qAKMYb,yaf12d\" jsname=\"txFAF\" class=\"jCAhz ChMk0b\" jscontroller=\"Gn4SMb\"><span class=\"ryNqvb\" jsaction=\"click:E6Tfl,GFf3ac,tMZCfe; contextmenu:Nqw7Te,QP7LD; mouseout:Nqw7Te; mouseover:E6Tfl,c2aHje\" jsname=\"W297wb\">Actividades y propuestas de salud mental y bienestar emocional para centros educativos<\/span><\/span><span jsaction=\"agoMJf:PFBcW;MZfLnc:P7O7bd;nt4Alf:pvnm0e,pfE8Hb,PFBcW;B01qod:dJXsye;H1e5u:iXtTIf;lYIUJf:hij5Wb;bmeZHc:iURhpf;Oxj3Xe:qAKMYb,yaf12d\" jsname=\"txFAF\" class=\"jCAhz\" jscontroller=\"Gn4SMb\"><span class=\"ryNqvb\" jsaction=\"click:E6Tfl,GFf3ac,tMZCfe; contextmenu:Nqw7Te,QP7LD; mouseout:Nqw7Te; mouseover:E6Tfl,c2aHje\" jsname=\"W297wb\"> <\/span><\/span><\/span><\/h2>\n<p style=\"text-align: left;\"><span class=\"HwtZe\" jsaction=\"mouseup:Sxi9L,BR6jm; mousedown:qjlr0e\" jsname=\"jqKxS\" lang=\"es\"><span jsaction=\"agoMJf:PFBcW;MZfLnc:P7O7bd;nt4Alf:pvnm0e,pfE8Hb,PFBcW;B01qod:dJXsye;H1e5u:iXtTIf;lYIUJf:hij5Wb;bmeZHc:iURhpf;Oxj3Xe:qAKMYb,yaf12d\" jsname=\"txFAF\" class=\"jCAhz ChMk0b\" jscontroller=\"Gn4SMb\"><span class=\"ryNqvb\" jsaction=\"click:E6Tfl,GFf3ac,tMZCfe; contextmenu:Nqw7Te,QP7LD; mouseout:Nqw7Te; mouseover:E6Tfl,c2aHje\" jsname=\"W297wb\">2023<\/span><\/span><span jsaction=\"agoMJf:PFBcW;MZfLnc:P7O7bd;nt4Alf:pvnm0e,pfE8Hb,PFBcW;B01qod:dJXsye;H1e5u:iXtTIf;lYIUJf:hij5Wb;bmeZHc:iURhpf;Oxj3Xe:qAKMYb,yaf12d\" jsname=\"txFAF\" class=\"jCAhz\" jscontroller=\"Gn4SMb\"><span class=\"ryNqvb\" jsaction=\"click:E6Tfl,GFf3ac,tMZCfe; contextmenu:Nqw7Te,QP7LD; mouseout:Nqw7Te; mouseover:E6Tfl,c2aHje\" jsname=\"W297wb\"><br \/><\/span><\/span><span jsaction=\"agoMJf:PFBcW;MZfLnc:P7O7bd;nt4Alf:pvnm0e,pfE8Hb,PFBcW;B01qod:dJXsye;H1e5u:iXtTIf;lYIUJf:hij5Wb;bmeZHc:iURhpf;Oxj3Xe:qAKMYb,yaf12d\" jsname=\"txFAF\" class=\"jCAhz ChMk0b\" jscontroller=\"Gn4SMb\"><span class=\"ryNqvb\" jsaction=\"click:E6Tfl,GFf3ac,tMZCfe; contextmenu:Nqw7Te,QP7LD; mouseout:Nqw7Te; mouseover:E6Tfl,c2aHje\" jsname=\"W297wb\">Gu\u00eda dirigida a centros de educaci\u00f3n secundaria de la ciudad, donde est\u00e1n recogidas todas las actividades a su alcance (incluidas en el PAEC y no), las jornadas comunitarias y el material did\u00e1ctico.<\/span><\/span><\/span><\/p>\n<p>[\/et_pb_text][et_pb_button button_url=\u00bbhttps:\/\/salutmental.info\/wp-content\/uploads\/2023\/07\/Guia_Activitats_educatives_salut_mental_2023_DEF.pdf\u00bb button_text=\u00bbDescargar\u00bb admin_label=\u00bbBot\u00f3 Guia activitats\u00bb _builder_version=\u00bb4.23.1&#8243; _module_preset=\u00bbdefault\u00bb global_colors_info=\u00bb{}\u00bb][\/et_pb_button][\/et_pb_column][et_pb_column type=\u00bb1_3&#8243; _builder_version=\u00bb4.23.1&#8243; _module_preset=\u00bbdefault\u00bb global_colors_info=\u00bb{}\u00bb][et_pb_text admin_label=\u00bbText Relats\u00bb _builder_version=\u00bb4.23.1&#8243; _module_preset=\u00bbdefault\u00bb global_colors_info=\u00bb{}\u00bb]<\/p>\n<h2 style=\"text-align: left;\">Relatos [por la salud mental]<\/h2>\n<p style=\"text-align: left;\">2019<br \/>Material did\u00e1ctico para profesorado de ense\u00f1anza secundaria, con seis propuestas de actividades sobre los trastornos mentales y sobre el estigma asociado.<\/p>\n<p>[\/et_pb_text][et_pb_button button_url=\u00bbhttps:\/\/salutmental.info\/docs\/Relats_per_la_salut_mental.pdf\u00bb button_text=\u00bbDescargar\u00bb admin_label=\u00bbBot\u00f3 Relats\u00bb _builder_version=\u00bb4.23.1&#8243; _module_preset=\u00bbdefault\u00bb global_colors_info=\u00bb{}\u00bb][\/et_pb_button][\/et_pb_column][et_pb_column type=\u00bb1_3&#8243; _builder_version=\u00bb4.23.1&#8243; _module_preset=\u00bbdefault\u00bb global_colors_info=\u00bb{}\u00bb][et_pb_text admin_label=\u00bbText Guia recursos\u00bb _builder_version=\u00bb4.23.1&#8243; _module_preset=\u00bbdefault\u00bb global_colors_info=\u00bb{}\u00bb]<\/p>\n<h2 style=\"text-align: left;\">Gu\u00eda de recursos de salud mental y adicciones de Santa Coloma de Gramenet<\/h2>\n<p style=\"text-align: left;\">2016<br \/>Gu\u00eda de recursos en torno a problemas de salud mental o adicciones, asistenciales, en la comunidad u hospitalarios, y de entidades ciudadanas.<br \/>Los recursos actualizados se encuentran en la p\u00e1gina <a href=\"https:\/\/salutmental.info\/es\/recursos-de-salut-mental-i-addiccions\/\">Recursos<\/a>.<\/p>\n<p>[\/et_pb_text][et_pb_button button_url=\u00bbhttps:\/\/www.gramenet.cat\/fileadmin\/Files\/Ajuntament\/sanitat\/Promocio_Salut\/Guia_SMA_2016.pdf\u00bb button_text=\u00bbDescargar\u00bb admin_label=\u00bbBot\u00f3 Guia de recursos\u00bb _builder_version=\u00bb4.23.1&#8243; _module_preset=\u00bbdefault\u00bb global_colors_info=\u00bb{}\u00bb][\/et_pb_button][\/et_pb_column][\/et_pb_row][\/et_pb_section][et_pb_section fb_built=\u00bb1&#8243; admin_label=\u00bbSecci\u00f3 PIE P\u00c1GINA castellano\u00bb _builder_version=\u00bb4.24.2&#8243; _module_preset=\u00bbdefault\u00bb background_color=\u00bb#000000&#8243; global_colors_info=\u00bb{}\u00bb theme_builder_area=\u00bbpost_content\u00bb][et_pb_row column_structure=\u00bb1_3,1_3,1_3&#8243; _builder_version=\u00bb4.24.2&#8243; _module_preset=\u00bbdefault\u00bb global_colors_info=\u00bb{}\u00bb theme_builder_area=\u00bbpost_content\u00bb][et_pb_column type=\u00bb1_3&#8243; _builder_version=\u00bb4.24.2&#8243; _module_preset=\u00bbdefault\u00bb global_colors_info=\u00bb{}\u00bb theme_builder_area=\u00bbpost_content\u00bb][et_pb_text _builder_version=\u00bb4.24.2&#8243; _module_preset=\u00bbdefault\u00bb global_colors_info=\u00bb{}\u00bb theme_builder_area=\u00bbpost_content\u00bb]<\/p>\n<div class=\"et_pb_module et_pb_text et_pb_text_8  et_pb_text_align_justified et_pb_bg_layout_light\">\n<div class=\"et_pb_text_inner\">\n<h3 style=\"color: #ffffff;\">Acceso r\u00e1pido<\/h3>\n<p><a style=\"color: #ffffff;\" href=\"https:\/\/salutmental.info\/el-web-i-nosaltres\/contactar\/\">Contacto<\/a><br \/>\n<a style=\"color: #ffffff;\" href=\"https:\/\/www.gramenet.cat\/seu-electronica\/informacio-sobre-la-seu\/avis-legal\/\" target=\"_blank\" rel=\"noopener\" data-insuit-uuid=\"353acac9-b95d-41db-890e-0fe22e36e2f4\">Aviso legal<\/a><br \/>\n<a style=\"color: #ffffff;\" title=\"Protecci\u00f3 de dades\" href=\"https:\/\/www.gramenet.cat\/seu-electronica\/proteccio-de-dades\/\" target=\"_blank\" rel=\"noopener\" data-insuit-uuid=\"f42a28cb-669d-4f92-abed-89a78fb31d26\">Pol\u00edtica de protecci\u00f3n de datos<\/a><br \/>\n<a style=\"color: #ffffff;\" href=\"https:\/\/www.gramenet.cat\/seu-electronica\/accessibilitat\/\" data-insuit-uuid=\"d825170a-0959-415e-bc12-d7ce6a9bb8a2\">Accesibilidad<\/a><\/p>\n<\/div>\n<\/div>\n<div class=\"et_pb_module et_pb_text et_pb_text_9  et_pb_text_align_justified et_pb_bg_layout_light\">\n<div class=\"et_pb_text_inner\"><a style=\"color: #ffffff;\" href=\"https:\/\/salutmental.info\/\">Catal\u00e0<\/a>\u00a0<a tyle=\"color: red\"  href=\"https:\/\/salutmental.info\/es\/\">Castellano<\/a><\/div>\n<\/div>\n<p>[\/et_pb_text][\/et_pb_column][et_pb_column type=\u00bb1_3&#8243; _builder_version=\u00bb4.24.2&#8243; _module_preset=\u00bbdefault\u00bb global_colors_info=\u00bb{}\u00bb theme_builder_area=\u00bbpost_content\u00bb][et_pb_text admin_label=\u00bbTexto e-Redes sociales\u00bb _builder_version=\u00bb4.24.2&#8243; _module_preset=\u00bbdefault\u00bb global_colors_info=\u00bb{}\u00bb theme_builder_area=\u00bbpost_content\u00bb]<\/p>\n<h3 style=\"color: #ffffff;\">e-Redes sociales<\/h3>\n<p><a style=\"color: #ffffff;\" title=\"@scgramenet\" href=\"http:\/\/twitter.com\/scgramenet\" target=\"_blank\" rel=\"noopener\" data-insuit-uuid=\"b3e0d28b-dc44-4f86-8346-4e0365352a49\">Twitter\u00ae<\/a><br \/>\n<a style=\"color: #ffffff;\" title=\"Pasi\u00f3n por Santako\" href=\"https:\/\/www.facebook.com\/PasionPorSantako\/\" target=\"_blank\" rel=\"noopener\" data-insuit-uuid=\"d7d32cfb-104d-49e1-ae1d-661bf056d52f\">Facebook\u00ae<\/a><br \/>\n<a style=\"color: #ffffff;\" href=\"http:\/\/www.slideshare.net\/scgramenet\" target=\"_blank\" rel=\"noopener\" data-insuit-uuid=\"bddc3bcb-dbbc-4022-91ad-8426d5697366\">SlideShare\u00ae<\/a><br \/>\n<a style=\"color: #ffffff;\" href=\"https:\/\/www.youtube.com\/channel\/UC07JH7VJ6nw9OBnxScovrCA\" target=\"_blank\" rel=\"noopener\" data-insuit-uuid=\"77d03fce-5840-489b-9fcd-25a0abf9b0f8\">YouTube\u00ae<\/a><br \/>\n<a style=\"color: #ffffff;\" href=\"https:\/\/www.instagram.com\/pla_salut_gramenet\/\" target=\"_blank\" rel=\"noopener\" data-insuit-uuid=\"f82bba6b-dc9a-4033-9fe9-9c44fe0c6a34\">Instagram\u00ae<\/a><\/p>\n<p>[\/et_pb_text][\/et_pb_column][et_pb_column type=\u00bb1_3&#8243; _builder_version=\u00bb4.24.2&#8243; _module_preset=\u00bbdefault\u00bb global_colors_info=\u00bb{}\u00bb theme_builder_area=\u00bbpost_content\u00bb][et_pb_text admin_label=\u00bbTexto adre\u00e7a Ajuntament\u00bb _builder_version=\u00bb4.24.2&#8243; _module_preset=\u00bbdefault\u00bb global_colors_info=\u00bb{}\u00bb theme_builder_area=\u00bbpost_content\u00bb]<\/p>\n<p style=\"color: #ffffff; text-align: right;\">Ajuntament de Santa Coloma de Gramenet<br \/>Pla\u00e7a de la Vila, 1 &#8211; 08921 Santa Coloma de Gramenet &#8211; Barcelona<br \/>Tel.: 93 462 40 00<br \/>NIF: P0824500C<\/p>\n<p>[\/et_pb_text][\/et_pb_column][\/et_pb_row][\/et_pb_section]<\/p>\n","protected":false},"excerpt":{"rendered":"<p>&nbsp; Actividades y propuestas de salud mental y bienestar emocional para centros educativos 2023Gu\u00eda dirigida a centros de educaci\u00f3n secundaria de la ciudad, donde est\u00e1n recogidas todas las actividades a su alcance (incluidas en el PAEC y no), las jornadas comunitarias y el material did\u00e1ctico.Relatos [por la salud mental] 2019Material did\u00e1ctico para profesorado de ense\u00f1anza [&hellip;]<\/p>\n","protected":false},"author":7,"featured_media":0,"parent":0,"menu_order":34,"comment_status":"closed","ping_status":"closed","template":"page-template-blank.php","meta":{"_et_pb_use_builder":"on","_et_pb_old_content":"","_et_gb_content_width":"","footnotes":""},"class_list":["post-5758","page","type-page","status-publish","hentry"],"_links":{"self":[{"href":"https:\/\/salutmental.info\/es\/wp-json\/wp\/v2\/pages\/5758","targetHints":{"allow":["GET"]}}],"collection":[{"href":"https:\/\/salutmental.info\/es\/wp-json\/wp\/v2\/pages"}],"about":[{"href":"https:\/\/salutmental.info\/es\/wp-json\/wp\/v2\/types\/page"}],"author":[{"embeddable":true,"href":"https:\/\/salutmental.info\/es\/wp-json\/wp\/v2\/users\/7"}],"replies":[{"embeddable":true,"href":"https:\/\/salutmental.info\/es\/wp-json\/wp\/v2\/comments?post=5758"}],"version-history":[{"count":10,"href":"https:\/\/salutmental.info\/es\/wp-json\/wp\/v2\/pages\/5758\/revisions"}],"predecessor-version":[{"id":6699,"href":"https:\/\/salutmental.info\/es\/wp-json\/wp\/v2\/pages\/5758\/revisions\/6699"}],"wp:attachment":[{"href":"https:\/\/salutmental.info\/es\/wp-json\/wp\/v2\/media?parent=5758"}],"curies":[{"name":"wp","href":"https:\/\/api.w.org\/{rel}","templated":true}]}}